{"id":38078,"date":"2019-08-06T17:54:12","date_gmt":"2019-08-06T15:54:12","guid":{"rendered":"http:\/\/graficolor.hu\/webshop\/?post_type=product&#038;p=38078"},"modified":"2023-05-18T15:09:26","modified_gmt":"2023-05-18T13:09:26","slug":"egyedi-polo-175-nyomat","status":"publish","type":"product","link":"https:\/\/graficolor.hu\/webshop\/termek\/egyedi-polo-175-nyomat\/","title":{"rendered":"Egyedi p\u00f3l\u00f3 175. nyomat"},"content":{"rendered":"<p>Egyedi nyomtatott p\u00f3l\u00f3t keres leg\u00e9nyb\u00facs\u00fara, le\u00e1nyb\u00facs\u00fara? Megtal\u00e1lta. Egyedi nyomtatott p\u00f3l\u00f3 l\u00e1nyb\u00facs\u00fa t\u00e9m\u00e1ban. Nyomtatott n\u0151i p\u00f3l\u00f3, nyomtatott f\u00e9rfi p\u00f3l\u00f3, nyomtatott gyerek p\u00f3l\u00f3.<\/p>\n","protected":false},"excerpt":{"rendered":"<p>Nyomat egyedi p\u00f3l\u00f3khoz. A rendel\u00e9st meger\u0151s\u00edt\u0151 e-mailre k\u00e9rj\u00fck, k\u00fcldje el v\u00e1laszlev\u00e9lben a k\u00edv\u00e1nt sz\u00f6veget.<\/p>\n","protected":false},"featured_media":36967,"comment_status":"closed","ping_status":"closed","template":"","meta":[],"_links":{"self":[{"href":"https:\/\/graficolor.hu\/webshop\/wp-json\/wp\/v2\/product\/38078"}],"collection":[{"href":"https:\/\/graficolor.hu\/webshop\/wp-json\/wp\/v2\/product"}],"about":[{"href":"https:\/\/graficolor.hu\/webshop\/wp-json\/wp\/v2\/types\/product"}],"replies":[{"embeddable":true,"href":"https:\/\/graficolor.hu\/webshop\/wp-json\/wp\/v2\/comments?post=38078"}],"version-history":[{"count":0,"href":"https:\/\/graficolor.hu\/webshop\/wp-json\/wp\/v2\/product\/38078\/revisions"}],"wp:featuredmedia":[{"embeddable":true,"href":"https:\/\/graficolor.hu\/webshop\/wp-json\/wp\/v2\/media\/36967"}],"wp:attachment":[{"href":"https:\/\/graficolor.hu\/webshop\/wp-json\/wp\/v2\/media?parent=38078"}],"curies":[{"name":"wp","href":"https:\/\/api.w.org\/{rel}","templated":true}]}}