{"id":39639,"date":"2019-08-06T18:13:14","date_gmt":"2019-08-06T16:13:14","guid":{"rendered":"http:\/\/graficolor.hu\/webshop\/?post_type=product&#038;p=39639"},"modified":"2023-05-18T14:10:58","modified_gmt":"2023-05-18T12:10:58","slug":"egyedi-polo-163-nyomat","status":"publish","type":"product","link":"https:\/\/graficolor.hu\/webshop\/termek\/egyedi-polo-163-nyomat\/","title":{"rendered":"Egyedi p\u00f3l\u00f3 163. nyomat"},"content":{"rendered":"<p>Egyedi nyomtatott p\u00f3l\u00f3t keres? Megtal\u00e1lta. Egyedi nyomtatott vicces p\u00f3l\u00f3. Nyomtatott n\u0151i p\u00f3l\u00f3, nyomtatott f\u00e9rfi p\u00f3l\u00f3, nyomtatott gyerek p\u00f3l\u00f3.<\/p>\n","protected":false},"excerpt":{"rendered":"<p>Nyomat egyedi p\u00f3l\u00f3khoz. A rendel\u00e9st meger\u0151s\u00edt\u0151 e-mailre k\u00e9rj\u00fck, k\u00fcldje el v\u00e1laszlev\u00e9lben a k\u00edv\u00e1nt sz\u00f6veget.<\/p>\n","protected":false},"featured_media":36948,"comment_status":"closed","ping_status":"closed","template":"","meta":[],"_links":{"self":[{"href":"https:\/\/graficolor.hu\/webshop\/wp-json\/wp\/v2\/product\/39639"}],"collection":[{"href":"https:\/\/graficolor.hu\/webshop\/wp-json\/wp\/v2\/product"}],"about":[{"href":"https:\/\/graficolor.hu\/webshop\/wp-json\/wp\/v2\/types\/product"}],"replies":[{"embeddable":true,"href":"https:\/\/graficolor.hu\/webshop\/wp-json\/wp\/v2\/comments?post=39639"}],"version-history":[{"count":1,"href":"https:\/\/graficolor.hu\/webshop\/wp-json\/wp\/v2\/product\/39639\/revisions"}],"predecessor-version":[{"id":49797,"href":"https:\/\/graficolor.hu\/webshop\/wp-json\/wp\/v2\/product\/39639\/revisions\/49797"}],"wp:featuredmedia":[{"embeddable":true,"href":"https:\/\/graficolor.hu\/webshop\/wp-json\/wp\/v2\/media\/36948"}],"wp:attachment":[{"href":"https:\/\/graficolor.hu\/webshop\/wp-json\/wp\/v2\/media?parent=39639"}],"curies":[{"name":"wp","href":"https:\/\/api.w.org\/{rel}","templated":true}]}}