{"id":40888,"date":"2019-08-07T07:11:25","date_gmt":"2019-08-07T05:11:25","guid":{"rendered":"http:\/\/graficolor.hu\/webshop\/?post_type=product&#038;p=40888"},"modified":"2023-05-18T14:15:26","modified_gmt":"2023-05-18T12:15:26","slug":"egyedi-polo-171-nyomat","status":"publish","type":"product","link":"https:\/\/graficolor.hu\/webshop\/termek\/egyedi-polo-171-nyomat\/","title":{"rendered":"Egyedi p\u00f3l\u00f3 171. nyomat"},"content":{"rendered":"<p>Egyedi nyomtatott p\u00f3l\u00f3t keres? Megtal\u00e1lta. Egyedi nyomtatott p\u00f3l\u00f3 vicces t\u00e9m\u00e1ban. Nyomtatott n\u0151i p\u00f3l\u00f3, nyomtatott f\u00e9rfi p\u00f3l\u00f3, nyomtatott gyerek p\u00f3l\u00f3.<\/p>\n","protected":false},"excerpt":{"rendered":"<p>Nyomat egyedi p\u00f3l\u00f3khoz. A rendel\u00e9st meger\u0151s\u00edt\u0151 e-mailre k\u00e9rj\u00fck, k\u00fcldje el v\u00e1laszlev\u00e9lben a k\u00edv\u00e1nt sz\u00f6veget.<\/p>\n","protected":false},"featured_media":36951,"comment_status":"closed","ping_status":"closed","template":"","meta":[],"_links":{"self":[{"href":"https:\/\/graficolor.hu\/webshop\/wp-json\/wp\/v2\/product\/40888"}],"collection":[{"href":"https:\/\/graficolor.hu\/webshop\/wp-json\/wp\/v2\/product"}],"about":[{"href":"https:\/\/graficolor.hu\/webshop\/wp-json\/wp\/v2\/types\/product"}],"replies":[{"embeddable":true,"href":"https:\/\/graficolor.hu\/webshop\/wp-json\/wp\/v2\/comments?post=40888"}],"version-history":[{"count":0,"href":"https:\/\/graficolor.hu\/webshop\/wp-json\/wp\/v2\/product\/40888\/revisions"}],"wp:featuredmedia":[{"embeddable":true,"href":"https:\/\/graficolor.hu\/webshop\/wp-json\/wp\/v2\/media\/36951"}],"wp:attachment":[{"href":"https:\/\/graficolor.hu\/webshop\/wp-json\/wp\/v2\/media?parent=40888"}],"curies":[{"name":"wp","href":"https:\/\/api.w.org\/{rel}","templated":true}]}}