{"id":48546,"date":"2019-08-12T07:54:24","date_gmt":"2019-08-12T05:54:24","guid":{"rendered":"http:\/\/graficolor.hu\/webshop\/?post_type=product&#038;p=48546"},"modified":"2024-01-15T12:51:49","modified_gmt":"2024-01-15T11:51:49","slug":"babanaptar","status":"publish","type":"product","link":"https:\/\/graficolor.hu\/webshop\/termek\/babanaptar\/","title":{"rendered":"Babanapt\u00e1r"},"content":{"rendered":"","protected":false},"excerpt":{"rendered":"<p>A rendel\u00e9st meger\u0151s\u00edt\u0151 e-mailre k\u00e9rj\u00fck, k\u00fcldje el v\u00e1laszlev\u00e9lben a k\u00edv\u00e1nt sz\u00f6veget.<\/p>\n","protected":false},"featured_media":48547,"comment_status":"open","ping_status":"closed","template":"","meta":[],"_links":{"self":[{"href":"https:\/\/graficolor.hu\/webshop\/wp-json\/wp\/v2\/product\/48546"}],"collection":[{"href":"https:\/\/graficolor.hu\/webshop\/wp-json\/wp\/v2\/product"}],"about":[{"href":"https:\/\/graficolor.hu\/webshop\/wp-json\/wp\/v2\/types\/product"}],"replies":[{"embeddable":true,"href":"https:\/\/graficolor.hu\/webshop\/wp-json\/wp\/v2\/comments?post=48546"}],"version-history":[{"count":1,"href":"https:\/\/graficolor.hu\/webshop\/wp-json\/wp\/v2\/product\/48546\/revisions"}],"predecessor-version":[{"id":49517,"href":"https:\/\/graficolor.hu\/webshop\/wp-json\/wp\/v2\/product\/48546\/revisions\/49517"}],"wp:featuredmedia":[{"embeddable":true,"href":"https:\/\/graficolor.hu\/webshop\/wp-json\/wp\/v2\/media\/48547"}],"wp:attachment":[{"href":"https:\/\/graficolor.hu\/webshop\/wp-json\/wp\/v2\/media?parent=48546"}],"curies":[{"name":"wp","href":"https:\/\/api.w.org\/{rel}","templated":true}]}}