{"id":48577,"date":"2019-08-12T08:14:08","date_gmt":"2019-08-12T06:14:08","guid":{"rendered":"http:\/\/graficolor.hu\/webshop\/?post_type=product&#038;p=48577"},"modified":"2024-01-15T12:50:12","modified_gmt":"2024-01-15T11:50:12","slug":"ora-30-cm-es","status":"publish","type":"product","link":"https:\/\/graficolor.hu\/webshop\/termek\/ora-30-cm-es\/","title":{"rendered":"\u00d3ra (30 cm-es)"},"content":{"rendered":"","protected":false},"excerpt":{"rendered":"<p>A rendel\u00e9st meger\u0151s\u00edt\u0151 e-mailre k\u00e9rj\u00fck, k\u00fcldje el v\u00e1laszlev\u00e9lben a k\u00edv\u00e1nt sz\u00f6veget.<\/p>\n","protected":false},"featured_media":48581,"comment_status":"open","ping_status":"closed","template":"","meta":[],"_links":{"self":[{"href":"https:\/\/graficolor.hu\/webshop\/wp-json\/wp\/v2\/product\/48577"}],"collection":[{"href":"https:\/\/graficolor.hu\/webshop\/wp-json\/wp\/v2\/product"}],"about":[{"href":"https:\/\/graficolor.hu\/webshop\/wp-json\/wp\/v2\/types\/product"}],"replies":[{"embeddable":true,"href":"https:\/\/graficolor.hu\/webshop\/wp-json\/wp\/v2\/comments?post=48577"}],"version-history":[{"count":1,"href":"https:\/\/graficolor.hu\/webshop\/wp-json\/wp\/v2\/product\/48577\/revisions"}],"predecessor-version":[{"id":49514,"href":"https:\/\/graficolor.hu\/webshop\/wp-json\/wp\/v2\/product\/48577\/revisions\/49514"}],"wp:featuredmedia":[{"embeddable":true,"href":"https:\/\/graficolor.hu\/webshop\/wp-json\/wp\/v2\/media\/48581"}],"wp:attachment":[{"href":"https:\/\/graficolor.hu\/webshop\/wp-json\/wp\/v2\/media?parent=48577"}],"curies":[{"name":"wp","href":"https:\/\/api.w.org\/{rel}","templated":true}]}}