{"id":48583,"date":"2019-08-12T08:31:32","date_gmt":"2019-08-12T06:31:32","guid":{"rendered":"http:\/\/graficolor.hu\/webshop\/?post_type=product&#038;p=48583"},"modified":"2024-01-15T12:49:55","modified_gmt":"2024-01-15T11:49:55","slug":"dijozon","status":"publish","type":"product","link":"https:\/\/graficolor.hu\/webshop\/termek\/dijozon\/","title":{"rendered":"D\u00edj\u00f6z\u00f6n"},"content":{"rendered":"","protected":false},"excerpt":{"rendered":"<p>A rendel\u00e9st meger\u0151s\u00edt\u0151 e-mailre k\u00e9rj\u00fck, k\u00fcldje el v\u00e1laszlev\u00e9lben a k\u00edv\u00e1nt sz\u00f6veget.<\/p>\n","protected":false},"featured_media":48589,"comment_status":"open","ping_status":"closed","template":"","meta":[],"_links":{"self":[{"href":"https:\/\/graficolor.hu\/webshop\/wp-json\/wp\/v2\/product\/48583"}],"collection":[{"href":"https:\/\/graficolor.hu\/webshop\/wp-json\/wp\/v2\/product"}],"about":[{"href":"https:\/\/graficolor.hu\/webshop\/wp-json\/wp\/v2\/types\/product"}],"replies":[{"embeddable":true,"href":"https:\/\/graficolor.hu\/webshop\/wp-json\/wp\/v2\/comments?post=48583"}],"version-history":[{"count":1,"href":"https:\/\/graficolor.hu\/webshop\/wp-json\/wp\/v2\/product\/48583\/revisions"}],"predecessor-version":[{"id":49811,"href":"https:\/\/graficolor.hu\/webshop\/wp-json\/wp\/v2\/product\/48583\/revisions\/49811"}],"wp:featuredmedia":[{"embeddable":true,"href":"https:\/\/graficolor.hu\/webshop\/wp-json\/wp\/v2\/media\/48589"}],"wp:attachment":[{"href":"https:\/\/graficolor.hu\/webshop\/wp-json\/wp\/v2\/media?parent=48583"}],"curies":[{"name":"wp","href":"https:\/\/api.w.org\/{rel}","templated":true}]}}