{"id":48590,"date":"2019-08-12T08:38:55","date_gmt":"2019-08-12T06:38:55","guid":{"rendered":"http:\/\/graficolor.hu\/webshop\/?post_type=product&#038;p=48590"},"modified":"2024-01-15T12:49:02","modified_gmt":"2024-01-15T11:49:02","slug":"szulinaptar-tabla","status":"publish","type":"product","link":"https:\/\/graficolor.hu\/webshop\/termek\/szulinaptar-tabla\/","title":{"rendered":"Sz\u00fclinapt\u00e1r t\u00e1bla"},"content":{"rendered":"","protected":false},"excerpt":{"rendered":"<p>A rendel\u00e9st meger\u0151s\u00edt\u0151 e-mailre k\u00e9rj\u00fck, k\u00fcldje el v\u00e1laszlev\u00e9lben a k\u00edv\u00e1nt sz\u00f6veget.<\/p>\n<p>A bil\u00e9ta +100 Ft\/db<\/p>\n","protected":false},"featured_media":48618,"comment_status":"open","ping_status":"closed","template":"","meta":[],"_links":{"self":[{"href":"https:\/\/graficolor.hu\/webshop\/wp-json\/wp\/v2\/product\/48590"}],"collection":[{"href":"https:\/\/graficolor.hu\/webshop\/wp-json\/wp\/v2\/product"}],"about":[{"href":"https:\/\/graficolor.hu\/webshop\/wp-json\/wp\/v2\/types\/product"}],"replies":[{"embeddable":true,"href":"https:\/\/graficolor.hu\/webshop\/wp-json\/wp\/v2\/comments?post=48590"}],"version-history":[{"count":1,"href":"https:\/\/graficolor.hu\/webshop\/wp-json\/wp\/v2\/product\/48590\/revisions"}],"predecessor-version":[{"id":49589,"href":"https:\/\/graficolor.hu\/webshop\/wp-json\/wp\/v2\/product\/48590\/revisions\/49589"}],"wp:featuredmedia":[{"embeddable":true,"href":"https:\/\/graficolor.hu\/webshop\/wp-json\/wp\/v2\/media\/48618"}],"wp:attachment":[{"href":"https:\/\/graficolor.hu\/webshop\/wp-json\/wp\/v2\/media?parent=48590"}],"curies":[{"name":"wp","href":"https:\/\/api.w.org\/{rel}","templated":true}]}}