{"id":49014,"date":"2021-02-17T12:39:45","date_gmt":"2021-02-17T11:39:45","guid":{"rendered":"http:\/\/graficolor.hu\/webshop\/?post_type=product&#038;p=49014"},"modified":"2024-01-15T12:38:08","modified_gmt":"2024-01-15T11:38:08","slug":"latte-bogre-3-dl","status":"publish","type":"product","link":"https:\/\/graficolor.hu\/webshop\/termek\/latte-bogre-3-dl\/","title":{"rendered":"Latte b\u00f6gre 3 dl"},"content":{"rendered":"<p>Latte b\u00f6gr\u00e9inkb\u0151l garant\u00e1ltan jobban esik a reggeli k\u00e1v\u00e9, tea! A b\u00f6gr\u00e9k f\u00e9nyk\u00e9ppel \u00e9s egyedi felirattal egyar\u00e1nt rendelhet\u0151ek, kedvelt egyedi aj\u00e1nd\u00e9k csal\u00e1di \u00e9s bar\u00e1ti k\u00f6rben.<\/p>\n<p><strong>A rendel\u00e9st meger\u0151s\u00edt\u0151 e-mailre k\u00e9rj\u00fck, k\u00fcldje el v\u00e1laszlev\u00e9lben a k\u00edv\u00e1nt k\u00e9pet \u00e9s\/vagy sz\u00f6veget.<\/strong><\/p>\n","protected":false},"excerpt":{"rendered":"<p>Latte b\u00f6gr\u00e9inkb\u0151l garant\u00e1ltan jobban esik a reggeli k\u00e1v\u00e9, tea! A b\u00f6gr\u00e9k f\u00e9nyk\u00e9ppel \u00e9s egyedi felirattal egyar\u00e1nt rendelhet\u0151ek, kedvelt egyedi aj\u00e1nd\u00e9k csal\u00e1di \u00e9s bar\u00e1ti k\u00f6rben. A rendel\u00e9st meger\u0151s\u00edt\u0151 e-mailre k\u00e9rj\u00fck, k\u00fcldje el v\u00e1laszlev\u00e9lben a k\u00edv\u00e1nt k\u00e9pet \u00e9s\/vagy sz\u00f6veget.<\/p>\n","protected":false},"featured_media":49068,"comment_status":"open","ping_status":"closed","template":"","meta":[],"_links":{"self":[{"href":"https:\/\/graficolor.hu\/webshop\/wp-json\/wp\/v2\/product\/49014"}],"collection":[{"href":"https:\/\/graficolor.hu\/webshop\/wp-json\/wp\/v2\/product"}],"about":[{"href":"https:\/\/graficolor.hu\/webshop\/wp-json\/wp\/v2\/types\/product"}],"replies":[{"embeddable":true,"href":"https:\/\/graficolor.hu\/webshop\/wp-json\/wp\/v2\/comments?post=49014"}],"version-history":[{"count":2,"href":"https:\/\/graficolor.hu\/webshop\/wp-json\/wp\/v2\/product\/49014\/revisions"}],"predecessor-version":[{"id":49499,"href":"https:\/\/graficolor.hu\/webshop\/wp-json\/wp\/v2\/product\/49014\/revisions\/49499"}],"wp:featuredmedia":[{"embeddable":true,"href":"https:\/\/graficolor.hu\/webshop\/wp-json\/wp\/v2\/media\/49068"}],"wp:attachment":[{"href":"https:\/\/graficolor.hu\/webshop\/wp-json\/wp\/v2\/media?parent=49014"}],"curies":[{"name":"wp","href":"https:\/\/api.w.org\/{rel}","templated":true}]}}