{"id":49019,"date":"2021-02-17T12:50:38","date_gmt":"2021-02-17T11:50:38","guid":{"rendered":"http:\/\/graficolor.hu\/webshop\/?post_type=product&#038;p=49019"},"modified":"2024-01-15T12:37:39","modified_gmt":"2024-01-15T11:37:39","slug":"kulacs","status":"publish","type":"product","link":"https:\/\/graficolor.hu\/webshop\/termek\/kulacs\/","title":{"rendered":"Kulacs"},"content":{"rendered":"<p><span class=\"product-desc\">Ha van olyan ismer\u0151s\u00f6d, aki rendszeresen sportol, illetve szeret nagyokat t\u00far\u00e1zni, net\u00e1n elb\u00fajni a vil\u00e1g szeme el\u0151l egy s\u00e1tor, illetve n\u00e9mi \u00fatraval\u00f3 t\u00e1rsas\u00e1g\u00e1ban, akkor bizony\u00e1ra nagy bajban vagy, hogy egy ilyen szabados szellemis\u00e9g\u0171 embernek milyen aj\u00e1nd\u00e9kot v\u00e1lassz. Most ebben lesz\u00fcnk a seg\u00edts\u00e9gedre, a szublim\u00e1ci\u00f3s kulacs ugyanis t\u00f6k\u00e9letes aj\u00e1nd\u00e9kt\u00e1rgy egy ilyen bar\u00e1tnak vagy ismer\u0151snek, az alum\u00edniumb\u00f3l k\u00e9sz\u00fclt, 600 ml-es kulacs ugyanis \u00fagy tehet\u0151 szem\u00e9lyess\u00e9, hogy k\u00f6zben megmarad haszn\u00e1lati t\u00e1rgynak, \u00edgy az aj\u00e1nd\u00e9kozott m\u00e9g sportol\u00e1s vagy t\u00far\u00e1z\u00e1s k\u00f6zben is eml\u00e9kezni fog r\u00e1nk.<\/span><\/p>\n","protected":false},"excerpt":{"rendered":"<p>Ha van olyan ismer\u0151s\u00f6d, aki rendszeresen sportol, illetve szeret nagyokat t\u00far\u00e1zni, net\u00e1n elb\u00fajni a vil\u00e1g szeme el\u0151l egy s\u00e1tor, illetve n\u00e9mi \u00fatraval\u00f3 t\u00e1rsas\u00e1g\u00e1ban, akkor bizony\u00e1ra nagy bajban vagy, hogy egy ilyen szabados szellemis\u00e9g\u0171 embernek milyen aj\u00e1nd\u00e9kot v\u00e1lassz. Most ebben lesz\u00fcnk a seg\u00edts\u00e9gedre, a szublim\u00e1ci\u00f3s kulacs ugyanis t\u00f6k\u00e9letes aj\u00e1nd\u00e9kt\u00e1rgy egy ilyen bar\u00e1tnak vagy ismer\u0151snek, az alum\u00edniumb\u00f3l [&hellip;]<\/p>\n","protected":false},"featured_media":49070,"comment_status":"open","ping_status":"closed","template":"","meta":[],"_links":{"self":[{"href":"https:\/\/graficolor.hu\/webshop\/wp-json\/wp\/v2\/product\/49019"}],"collection":[{"href":"https:\/\/graficolor.hu\/webshop\/wp-json\/wp\/v2\/product"}],"about":[{"href":"https:\/\/graficolor.hu\/webshop\/wp-json\/wp\/v2\/types\/product"}],"replies":[{"embeddable":true,"href":"https:\/\/graficolor.hu\/webshop\/wp-json\/wp\/v2\/comments?post=49019"}],"version-history":[{"count":1,"href":"https:\/\/graficolor.hu\/webshop\/wp-json\/wp\/v2\/product\/49019\/revisions"}],"predecessor-version":[{"id":49497,"href":"https:\/\/graficolor.hu\/webshop\/wp-json\/wp\/v2\/product\/49019\/revisions\/49497"}],"wp:featuredmedia":[{"embeddable":true,"href":"https:\/\/graficolor.hu\/webshop\/wp-json\/wp\/v2\/media\/49070"}],"wp:attachment":[{"href":"https:\/\/graficolor.hu\/webshop\/wp-json\/wp\/v2\/media?parent=49019"}],"curies":[{"name":"wp","href":"https:\/\/api.w.org\/{rel}","templated":true}]}}