{"id":49026,"date":"2021-02-17T13:10:13","date_gmt":"2021-02-17T12:10:13","guid":{"rendered":"http:\/\/graficolor.hu\/webshop\/?post_type=product&#038;p=49026"},"modified":"2024-01-15T12:37:10","modified_gmt":"2024-01-15T11:37:10","slug":"fem-doboz-teglalap-alaku","status":"publish","type":"product","link":"https:\/\/graficolor.hu\/webshop\/termek\/fem-doboz-teglalap-alaku\/","title":{"rendered":"F\u00e9m doboz, t\u00e9glalap alak\u00fa"},"content":{"rendered":"<p><span class=\"product-desc\">A szublim\u00e1ci\u00f3s t\u00e9glalap alak\u00fa f\u00e9m doboz olyan aj\u00e1nd\u00e9kt\u00e1rgy, ami kiv\u00e1l\u00f3 v\u00e1laszt\u00e1s \u00e9kszer tart\u00f3nak, s\u00fcti vagy bonbon doboznak.\u00a0\u00a0A szublim\u00e1ci\u00f3s nyomtat\u00e1snak k\u00f6sz\u00f6nhet\u0151en pedig olyan szem\u00e9lyess\u00e9 tehet\u0151, amennyire csak szeretn\u00e9nk. B\u00e1rmilyen k\u00e9pet, log\u00f3t vagy sz\u00f6veget k\u00f6nnyed\u00e9n r\u00e1nyomtathatunk a t\u00e1rgyra.\u00a0<\/span><\/p>\n<p>M\u00e9rete: 180 x 110 x 55 mm<\/p>\n<p><strong>A rendel\u00e9st meger\u0151s\u00edt\u0151 e-mailre k\u00e9rj\u00fck, k\u00fcldje el v\u00e1laszlev\u00e9lben a k\u00edv\u00e1nt k\u00e9pet \u00e9s\/vagy sz\u00f6veget.<\/strong><\/p>\n","protected":false},"excerpt":{"rendered":"<p>A szublim\u00e1ci\u00f3s t\u00e9glalap alak\u00fa f\u00e9m doboz olyan aj\u00e1nd\u00e9kt\u00e1rgy, ami kiv\u00e1l\u00f3 v\u00e1laszt\u00e1s \u00e9kszer tart\u00f3nak, s\u00fcti vagy bonbon doboznak.\u00a0\u00a0A szublim\u00e1ci\u00f3s nyomtat\u00e1snak k\u00f6sz\u00f6nhet\u0151en pedig olyan szem\u00e9lyess\u00e9 tehet\u0151, amennyire csak szeretn\u00e9nk. B\u00e1rmilyen k\u00e9pet, log\u00f3t vagy sz\u00f6veget k\u00f6nnyed\u00e9n r\u00e1nyomtathatunk a t\u00e1rgyra.\u00a0 M\u00e9rete: 180 x 110 x 55 mm A rendel\u00e9st meger\u0151s\u00edt\u0151 e-mailre k\u00e9rj\u00fck, k\u00fcldje el v\u00e1laszlev\u00e9lben a k\u00edv\u00e1nt k\u00e9pet \u00e9s\/vagy [&hellip;]<\/p>\n","protected":false},"featured_media":49028,"comment_status":"open","ping_status":"closed","template":"","meta":[],"_links":{"self":[{"href":"https:\/\/graficolor.hu\/webshop\/wp-json\/wp\/v2\/product\/49026"}],"collection":[{"href":"https:\/\/graficolor.hu\/webshop\/wp-json\/wp\/v2\/product"}],"about":[{"href":"https:\/\/graficolor.hu\/webshop\/wp-json\/wp\/v2\/types\/product"}],"replies":[{"embeddable":true,"href":"https:\/\/graficolor.hu\/webshop\/wp-json\/wp\/v2\/comments?post=49026"}],"version-history":[{"count":1,"href":"https:\/\/graficolor.hu\/webshop\/wp-json\/wp\/v2\/product\/49026\/revisions"}],"predecessor-version":[{"id":49862,"href":"https:\/\/graficolor.hu\/webshop\/wp-json\/wp\/v2\/product\/49026\/revisions\/49862"}],"wp:featuredmedia":[{"embeddable":true,"href":"https:\/\/graficolor.hu\/webshop\/wp-json\/wp\/v2\/media\/49028"}],"wp:attachment":[{"href":"https:\/\/graficolor.hu\/webshop\/wp-json\/wp\/v2\/media?parent=49026"}],"curies":[{"name":"wp","href":"https:\/\/api.w.org\/{rel}","templated":true}]}}