{"id":49029,"date":"2021-02-17T13:15:00","date_gmt":"2021-02-17T12:15:00","guid":{"rendered":"http:\/\/graficolor.hu\/webshop\/?post_type=product&#038;p=49029"},"modified":"2025-02-03T11:08:55","modified_gmt":"2025-02-03T10:08:55","slug":"keramia-feles-pohar","status":"publish","type":"product","link":"https:\/\/graficolor.hu\/webshop\/termek\/keramia-feles-pohar\/","title":{"rendered":"Ker\u00e1mia feles poh\u00e1r 2 db-os"},"content":{"rendered":"<p><span class=\"product-desc\">A szublim\u00e1ci\u00f3s feles poh\u00e1r humoros aj\u00e1nd\u00e9k sz\u00fclet\u00e9snapra, n\u00e9vnapra vagy m\u00e1s \u00fcnnepekre r\u00f6viditalt kedvel\u0151 bar\u00e1tunknak, rokonunknak, koll\u00e9g\u00e1nknak. A szublim\u00e1ci\u00f3s nyomtat\u00e1ssal szem\u00e9lyess\u00e9, egyediv\u00e9 var\u00e1zsolhat\u00f3 az \u00e1ltalunk meg\u00e1lmodott nyomattal.<br \/>\n<\/span><\/p>\n<p><strong>A rendel\u00e9st meger\u0151s\u00edt\u0151 e-mailre k\u00e9rj\u00fck, k\u00fcldje el v\u00e1laszlev\u00e9lben a k\u00edv\u00e1nt k\u00e9pet \u00e9s\/vagy sz\u00f6veget.<\/strong><\/p>\n","protected":false},"excerpt":{"rendered":"<p>A szublim\u00e1ci\u00f3s feles poh\u00e1r humoros aj\u00e1nd\u00e9k sz\u00fclet\u00e9snapra, n\u00e9vnapra vagy m\u00e1s \u00fcnnepekre r\u00f6viditalt kedvel\u0151 bar\u00e1tunknak, rokonunknak, koll\u00e9g\u00e1nknak. A szublim\u00e1ci\u00f3s nyomtat\u00e1ssal szem\u00e9lyess\u00e9, egyediv\u00e9 var\u00e1zsolhat\u00f3 az \u00e1ltalunk meg\u00e1lmodott nyomattal. A rendel\u00e9st meger\u0151s\u00edt\u0151 e-mailre k\u00e9rj\u00fck, k\u00fcldje el v\u00e1laszlev\u00e9lben a k\u00edv\u00e1nt k\u00e9pet \u00e9s\/vagy sz\u00f6veget.<\/p>\n","protected":false},"featured_media":49030,"comment_status":"open","ping_status":"closed","template":"","meta":[],"_links":{"self":[{"href":"https:\/\/graficolor.hu\/webshop\/wp-json\/wp\/v2\/product\/49029"}],"collection":[{"href":"https:\/\/graficolor.hu\/webshop\/wp-json\/wp\/v2\/product"}],"about":[{"href":"https:\/\/graficolor.hu\/webshop\/wp-json\/wp\/v2\/types\/product"}],"replies":[{"embeddable":true,"href":"https:\/\/graficolor.hu\/webshop\/wp-json\/wp\/v2\/comments?post=49029"}],"version-history":[{"count":2,"href":"https:\/\/graficolor.hu\/webshop\/wp-json\/wp\/v2\/product\/49029\/revisions"}],"predecessor-version":[{"id":49861,"href":"https:\/\/graficolor.hu\/webshop\/wp-json\/wp\/v2\/product\/49029\/revisions\/49861"}],"wp:featuredmedia":[{"embeddable":true,"href":"https:\/\/graficolor.hu\/webshop\/wp-json\/wp\/v2\/media\/49030"}],"wp:attachment":[{"href":"https:\/\/graficolor.hu\/webshop\/wp-json\/wp\/v2\/media?parent=49029"}],"curies":[{"name":"wp","href":"https:\/\/api.w.org\/{rel}","templated":true}]}}