{"id":49032,"date":"2021-02-17T13:21:48","date_gmt":"2021-02-17T12:21:48","guid":{"rendered":"http:\/\/graficolor.hu\/webshop\/?post_type=product&#038;p=49032"},"modified":"2022-09-02T11:27:52","modified_gmt":"2022-09-02T09:27:52","slug":"fenykepes-karacsonyfadisz","status":"publish","type":"product","link":"https:\/\/graficolor.hu\/webshop\/termek\/fenykepes-karacsonyfadisz\/","title":{"rendered":"F\u00e9nyk\u00e9pes kar\u00e1csonyfad\u00edsz"},"content":{"rendered":"<p>Tedd igaz\u00e1n egyediv\u00e9 a kar\u00e1csony egyik legfontosabb szimb\u00f3lum\u00e1t, a kar\u00e1csonyf\u00e1t. Ezen az igaz\u00e1n \u00edzl\u00e9ses kar\u00e1csonyfad\u00edszen megjelen\u00edtheted a sz\u00e1modra legkedvesebb embereket, kedvenc t\u00e1jaidat stb. Ez\u00e1ltal meghittebb lesz az \u00fcnnep, tov\u00e1bb\u00e1 \u00e9vr\u0151l-\u00e9vre b\u0151v\u00edtheted a kar\u00e1csonyfad\u00edsz kollekci\u00f3dat.<\/p>\n<p>Term\u00e9k m\u00e9ret: 80 mm<\/p>\n<p>Nyomtathat\u00f3 fel\u00fclet: 50 mm<\/p>\n<p><strong>A rendel\u00e9st meger\u0151s\u00edt\u0151 e-mailre k\u00e9rj\u00fck, k\u00fcldje el v\u00e1laszlev\u00e9lben a k\u00edv\u00e1nt k\u00e9pet \u00e9s\/vagy sz\u00f6veget.<\/strong><\/p>\n<p>&nbsp;<\/p>\n","protected":false},"excerpt":{"rendered":"<p>Tedd igaz\u00e1n egyediv\u00e9 a kar\u00e1csony egyik legfontosabb szimb\u00f3lum\u00e1t, a kar\u00e1csonyf\u00e1t. Ezen az igaz\u00e1n \u00edzl\u00e9ses kar\u00e1csonyfad\u00edszen megjelen\u00edtheted a sz\u00e1modra legkedvesebb embereket, kedvenc t\u00e1jaidat stb. Ez\u00e1ltal meghittebb lesz az \u00fcnnep, tov\u00e1bb\u00e1 \u00e9vr\u0151l-\u00e9vre b\u0151v\u00edtheted a kar\u00e1csonyfad\u00edsz kollekci\u00f3dat. Term\u00e9k m\u00e9ret: 80 mm Nyomtathat\u00f3 fel\u00fclet: 50 mm A rendel\u00e9st meger\u0151s\u00edt\u0151 e-mailre k\u00e9rj\u00fck, k\u00fcldje el v\u00e1laszlev\u00e9lben a k\u00edv\u00e1nt k\u00e9pet \u00e9s\/vagy sz\u00f6veget. [&hellip;]<\/p>\n","protected":false},"featured_media":49033,"comment_status":"open","ping_status":"closed","template":"","meta":[],"_links":{"self":[{"href":"https:\/\/graficolor.hu\/webshop\/wp-json\/wp\/v2\/product\/49032"}],"collection":[{"href":"https:\/\/graficolor.hu\/webshop\/wp-json\/wp\/v2\/product"}],"about":[{"href":"https:\/\/graficolor.hu\/webshop\/wp-json\/wp\/v2\/types\/product"}],"replies":[{"embeddable":true,"href":"https:\/\/graficolor.hu\/webshop\/wp-json\/wp\/v2\/comments?post=49032"}],"version-history":[{"count":2,"href":"https:\/\/graficolor.hu\/webshop\/wp-json\/wp\/v2\/product\/49032\/revisions"}],"predecessor-version":[{"id":49496,"href":"https:\/\/graficolor.hu\/webshop\/wp-json\/wp\/v2\/product\/49032\/revisions\/49496"}],"wp:featuredmedia":[{"embeddable":true,"href":"https:\/\/graficolor.hu\/webshop\/wp-json\/wp\/v2\/media\/49033"}],"wp:attachment":[{"href":"https:\/\/graficolor.hu\/webshop\/wp-json\/wp\/v2\/media?parent=49032"}],"curies":[{"name":"wp","href":"https:\/\/api.w.org\/{rel}","templated":true}]}}