{"id":49072,"date":"2021-02-17T14:18:53","date_gmt":"2021-02-17T13:18:53","guid":{"rendered":"http:\/\/graficolor.hu\/webshop\/?post_type=product&#038;p=49072"},"modified":"2022-09-02T11:19:36","modified_gmt":"2022-09-02T09:19:36","slug":"fenykepes-hogomb-sziv-alaku","status":"publish","type":"product","link":"https:\/\/graficolor.hu\/webshop\/termek\/fenykepes-hogomb-sziv-alaku\/","title":{"rendered":"F\u00e9nyk\u00e9pes h\u00f3g\u00f6mb &#8211; sz\u00edv alak\u00fa"},"content":{"rendered":"<p>A f\u00e9nyk\u00e9pes h\u00f3g\u00f6mb egyed\u00fcl\u00e1ll\u00f3 aj\u00e1nd\u00e9k b\u00e1rki sz\u00e1m\u00e1ra, aki szereti az apr\u00f3 szuven\u00edreket.M\u00e9rete: 90 x 90 mm<\/p>\n<p><strong>A rendel\u00e9st meger\u0151s\u00edt\u0151 e-mailre k\u00e9rj\u00fck, k\u00fcldje el v\u00e1laszlev\u00e9lben a k\u00edv\u00e1nt k\u00e9pet \u00e9s\/vagy sz\u00f6veget.<\/strong><\/p>\n","protected":false},"excerpt":{"rendered":"<p>A f\u00e9nyk\u00e9pes h\u00f3g\u00f6mb egyed\u00fcl\u00e1ll\u00f3 aj\u00e1nd\u00e9k b\u00e1rki sz\u00e1m\u00e1ra, aki szereti az apr\u00f3 szuven\u00edreket.M\u00e9rete: 90 x 90 mm A rendel\u00e9st meger\u0151s\u00edt\u0151 e-mailre k\u00e9rj\u00fck, k\u00fcldje el v\u00e1laszlev\u00e9lben a k\u00edv\u00e1nt k\u00e9pet \u00e9s\/vagy sz\u00f6veget.<\/p>\n","protected":false},"featured_media":49073,"comment_status":"open","ping_status":"closed","template":"","meta":[],"_links":{"self":[{"href":"https:\/\/graficolor.hu\/webshop\/wp-json\/wp\/v2\/product\/49072"}],"collection":[{"href":"https:\/\/graficolor.hu\/webshop\/wp-json\/wp\/v2\/product"}],"about":[{"href":"https:\/\/graficolor.hu\/webshop\/wp-json\/wp\/v2\/types\/product"}],"replies":[{"embeddable":true,"href":"https:\/\/graficolor.hu\/webshop\/wp-json\/wp\/v2\/comments?post=49072"}],"version-history":[{"count":1,"href":"https:\/\/graficolor.hu\/webshop\/wp-json\/wp\/v2\/product\/49072\/revisions"}],"predecessor-version":[{"id":49484,"href":"https:\/\/graficolor.hu\/webshop\/wp-json\/wp\/v2\/product\/49072\/revisions\/49484"}],"wp:featuredmedia":[{"embeddable":true,"href":"https:\/\/graficolor.hu\/webshop\/wp-json\/wp\/v2\/media\/49073"}],"wp:attachment":[{"href":"https:\/\/graficolor.hu\/webshop\/wp-json\/wp\/v2\/media?parent=49072"}],"curies":[{"name":"wp","href":"https:\/\/api.w.org\/{rel}","templated":true}]}}