{"id":6493,"date":"2016-04-29T05:51:35","date_gmt":"2016-04-29T03:51:35","guid":{"rendered":"http:\/\/graficolor.hu\/webshop\/?post_type=product&#038;p=6493"},"modified":"2022-08-10T14:15:18","modified_gmt":"2022-08-10T12:15:18","slug":"egyedi-eskuvoi-meghivo-2-minta","status":"publish","type":"product","link":"https:\/\/graficolor.hu\/webshop\/termek\/egyedi-eskuvoi-meghivo-2-minta\/","title":{"rendered":"Egyedi esk\u00fcv\u0151i megh\u00edv\u00f3 2. minta"},"content":{"rendered":"<p>Egyedi esk\u00fcv\u0151h\u00f6z egyedi megh\u00edv\u00f3! V\u00e1lassza ezt a fantasztikus egyedi esk\u00fcv\u0151i megh\u00edv\u00f3t, hogy \u00e9lete nagy esem\u00e9nye t\u00e9nyleg egyedi legyen!<\/p>\n","protected":false},"excerpt":{"rendered":"<p>Egyedi esk\u00fcv\u0151h\u00f6z egyedi megh\u00edv\u00f3! V\u00e1lassza ezt a fantasztikus egyedi esk\u00fcv\u0151i megh\u00edv\u00f3t, hogy \u00e9lete nagy esem\u00e9nye t\u00e9nyleg egyedi legyen!<\/p>\n","protected":false},"featured_media":48812,"comment_status":"open","ping_status":"closed","template":"","meta":[],"_links":{"self":[{"href":"https:\/\/graficolor.hu\/webshop\/wp-json\/wp\/v2\/product\/6493"}],"collection":[{"href":"https:\/\/graficolor.hu\/webshop\/wp-json\/wp\/v2\/product"}],"about":[{"href":"https:\/\/graficolor.hu\/webshop\/wp-json\/wp\/v2\/types\/product"}],"replies":[{"embeddable":true,"href":"https:\/\/graficolor.hu\/webshop\/wp-json\/wp\/v2\/comments?post=6493"}],"version-history":[{"count":1,"href":"https:\/\/graficolor.hu\/webshop\/wp-json\/wp\/v2\/product\/6493\/revisions"}],"predecessor-version":[{"id":49420,"href":"https:\/\/graficolor.hu\/webshop\/wp-json\/wp\/v2\/product\/6493\/revisions\/49420"}],"wp:featuredmedia":[{"embeddable":true,"href":"https:\/\/graficolor.hu\/webshop\/wp-json\/wp\/v2\/media\/48812"}],"wp:attachment":[{"href":"https:\/\/graficolor.hu\/webshop\/wp-json\/wp\/v2\/media?parent=6493"}],"curies":[{"name":"wp","href":"https:\/\/api.w.org\/{rel}","templated":true}]}}