{"id":6506,"date":"2016-04-29T06:25:07","date_gmt":"2016-04-29T04:25:07","guid":{"rendered":"http:\/\/graficolor.hu\/webshop\/?post_type=product&#038;p=6506"},"modified":"2022-08-10T14:13:49","modified_gmt":"2022-08-10T12:13:49","slug":"egyedi-eskuvoi-meghivo-7-minta","status":"publish","type":"product","link":"https:\/\/graficolor.hu\/webshop\/termek\/egyedi-eskuvoi-meghivo-7-minta\/","title":{"rendered":"Egyedi esk\u00fcv\u0151i megh\u00edv\u00f3 7. minta"},"content":{"rendered":"<p>Egyedi esk\u00fcv\u0151h\u00f6z egyedi megh\u00edv\u00f3! V\u00e1lassza ezt a fantasztikus egyedi esk\u00fcv\u0151i megh\u00edv\u00f3t, hogy \u00e9lete nagy esem\u00e9nye t\u00e9nyleg egyedi legyen!<\/p>\n","protected":false},"excerpt":{"rendered":"<p>Egyedi esk\u00fcv\u0151h\u00f6z egyedi megh\u00edv\u00f3! V\u00e1lassza ezt a fantasztikus egyedi esk\u00fcv\u0151i megh\u00edv\u00f3t, hogy \u00e9lete nagy esem\u00e9nye t\u00e9nyleg egyedi legyen!<\/p>\n","protected":false},"featured_media":49430,"comment_status":"open","ping_status":"closed","template":"","meta":[],"_links":{"self":[{"href":"https:\/\/graficolor.hu\/webshop\/wp-json\/wp\/v2\/product\/6506"}],"collection":[{"href":"https:\/\/graficolor.hu\/webshop\/wp-json\/wp\/v2\/product"}],"about":[{"href":"https:\/\/graficolor.hu\/webshop\/wp-json\/wp\/v2\/types\/product"}],"replies":[{"embeddable":true,"href":"https:\/\/graficolor.hu\/webshop\/wp-json\/wp\/v2\/comments?post=6506"}],"version-history":[{"count":1,"href":"https:\/\/graficolor.hu\/webshop\/wp-json\/wp\/v2\/product\/6506\/revisions"}],"predecessor-version":[{"id":49415,"href":"https:\/\/graficolor.hu\/webshop\/wp-json\/wp\/v2\/product\/6506\/revisions\/49415"}],"wp:featuredmedia":[{"embeddable":true,"href":"https:\/\/graficolor.hu\/webshop\/wp-json\/wp\/v2\/media\/49430"}],"wp:attachment":[{"href":"https:\/\/graficolor.hu\/webshop\/wp-json\/wp\/v2\/media?parent=6506"}],"curies":[{"name":"wp","href":"https:\/\/api.w.org\/{rel}","templated":true}]}}