{"id":6516,"date":"2016-04-29T06:37:32","date_gmt":"2016-04-29T04:37:32","guid":{"rendered":"http:\/\/graficolor.hu\/webshop\/?post_type=product&#038;p=6516"},"modified":"2022-08-10T14:11:55","modified_gmt":"2022-08-10T12:11:55","slug":"egyedi-eskuvoi-meghivo-11-minta","status":"publish","type":"product","link":"https:\/\/graficolor.hu\/webshop\/termek\/egyedi-eskuvoi-meghivo-11-minta\/","title":{"rendered":"Egyedi esk\u00fcv\u0151i megh\u00edv\u00f3 11. minta"},"content":{"rendered":"<p>Egyedi esk\u00fcv\u0151h\u00f6z egyedi megh\u00edv\u00f3! V\u00e1lassza ezt a fantasztikus egyedi esk\u00fcv\u0151i megh\u00edv\u00f3t, hogy \u00e9lete nagy esem\u00e9nye t\u00e9nyleg egyedi legyen!<\/p>\n","protected":false},"excerpt":{"rendered":"<p>Egyedi esk\u00fcv\u0151h\u00f6z egyedi megh\u00edv\u00f3! V\u00e1lassza ezt a fantasztikus egyedi esk\u00fcv\u0151i megh\u00edv\u00f3t, hogy \u00e9lete nagy esem\u00e9nye t\u00e9nyleg egyedi legyen!<\/p>\n","protected":false},"featured_media":48827,"comment_status":"open","ping_status":"closed","template":"","meta":[],"_links":{"self":[{"href":"https:\/\/graficolor.hu\/webshop\/wp-json\/wp\/v2\/product\/6516"}],"collection":[{"href":"https:\/\/graficolor.hu\/webshop\/wp-json\/wp\/v2\/product"}],"about":[{"href":"https:\/\/graficolor.hu\/webshop\/wp-json\/wp\/v2\/types\/product"}],"replies":[{"embeddable":true,"href":"https:\/\/graficolor.hu\/webshop\/wp-json\/wp\/v2\/comments?post=6516"}],"version-history":[{"count":1,"href":"https:\/\/graficolor.hu\/webshop\/wp-json\/wp\/v2\/product\/6516\/revisions"}],"predecessor-version":[{"id":49411,"href":"https:\/\/graficolor.hu\/webshop\/wp-json\/wp\/v2\/product\/6516\/revisions\/49411"}],"wp:featuredmedia":[{"embeddable":true,"href":"https:\/\/graficolor.hu\/webshop\/wp-json\/wp\/v2\/media\/48827"}],"wp:attachment":[{"href":"https:\/\/graficolor.hu\/webshop\/wp-json\/wp\/v2\/media?parent=6516"}],"curies":[{"name":"wp","href":"https:\/\/api.w.org\/{rel}","templated":true}]}}