{"id":814,"date":"2015-11-24T05:29:52","date_gmt":"2015-11-24T05:29:52","guid":{"rendered":"http:\/\/graficolor.hu\/webshop\/termek\/belyegzotok-20\/"},"modified":"2025-01-15T15:17:53","modified_gmt":"2025-01-15T14:17:53","slug":"belyegzotok-20","status":"publish","type":"product","link":"https:\/\/graficolor.hu\/webshop\/termek\/belyegzotok-20\/","title":{"rendered":"B\u00e9lyegz\u0151tok &#8211; 20"},"content":{"rendered":"<p>Ez a praktikus t\u00e1rol\u00f3 tok megv\u00e9di a b\u00e9lyegz\u0151t a szennyez\u0151d\u00e9sekt\u0151l \u00e9s a kisebb s\u00e9r\u00fcl\u00e9sekt\u0151l. Els\u0151sorban a Printer plus \u00e9s Printer 20-es b\u00e9lyegz\u0151h\u00f6z aj\u00e1nljuk, de m\u00e1s t\u00edpus\u00fa viszont azonos m\u00e9ret\u0171 modellhez is egyar\u00e1nt haszn\u00e1lhat\u00f3.<\/p>\n<p>Sz\u00ednek: fekete, bord\u00f3, kir\u00e1lyk\u00e9k, s\u00f6t\u00e9tk\u00e9k, z\u00f6ld, lila<\/p>\n","protected":false},"excerpt":{"rendered":"<p>Ez a praktikus t\u00e1rol\u00f3 tok megv\u00e9di a b\u00e9lyegz\u0151t a szennyez\u0151d\u00e9sekt\u0151l \u00e9s a kisebb s\u00e9r\u00fcl\u00e9sekt\u0151l. Els\u0151sorban a Printer plus \u00e9s Printer 20-es b\u00e9lyegz\u0151h\u00f6z aj\u00e1nljuk, de m\u00e1s t\u00edpus\u00fa viszont azonos m\u00e9ret\u0171 modellhez is egyar\u00e1nt haszn\u00e1lhat\u00f3. Sz\u00ednek: fekete, bord\u00f3, kir\u00e1lyk\u00e9k, s\u00f6t\u00e9tk\u00e9k, z\u00f6ld, lila<\/p>\n","protected":false},"featured_media":4424,"comment_status":"closed","ping_status":"closed","template":"","meta":[],"_links":{"self":[{"href":"https:\/\/graficolor.hu\/webshop\/wp-json\/wp\/v2\/product\/814"}],"collection":[{"href":"https:\/\/graficolor.hu\/webshop\/wp-json\/wp\/v2\/product"}],"about":[{"href":"https:\/\/graficolor.hu\/webshop\/wp-json\/wp\/v2\/types\/product"}],"replies":[{"embeddable":true,"href":"https:\/\/graficolor.hu\/webshop\/wp-json\/wp\/v2\/comments?post=814"}],"version-history":[{"count":1,"href":"https:\/\/graficolor.hu\/webshop\/wp-json\/wp\/v2\/product\/814\/revisions"}],"predecessor-version":[{"id":49949,"href":"https:\/\/graficolor.hu\/webshop\/wp-json\/wp\/v2\/product\/814\/revisions\/49949"}],"wp:featuredmedia":[{"embeddable":true,"href":"https:\/\/graficolor.hu\/webshop\/wp-json\/wp\/v2\/media\/4424"}],"wp:attachment":[{"href":"https:\/\/graficolor.hu\/webshop\/wp-json\/wp\/v2\/media?parent=814"}],"curies":[{"name":"wp","href":"https:\/\/api.w.org\/{rel}","templated":true}]}}