{"id":888,"date":"2015-11-24T05:29:59","date_gmt":"2015-11-24T04:29:59","guid":{"rendered":"http:\/\/graficolor.hu\/webshop\/termek\/classic-20005\/"},"modified":"2025-01-15T14:53:12","modified_gmt":"2025-01-15T13:53:12","slug":"classic-20005","status":"publish","type":"product","link":"https:\/\/graficolor.hu\/webshop\/termek\/classic-20005\/","title":{"rendered":"Classic 2000\/5"},"content":{"rendered":"<p>F\u00e9mb\u0151l k\u00e9sz\u00fclt d\u00e1tumb\u00e9lyegz\u0151, mely \u00e9vszalaga 12 \u00e9vig haszn\u00e1lhat\u00f3 \u00e9s d\u00e1tummagass\u00e1ga 5 mm.<\/p>\n<p>Cserep\u00e1rna sz\u00edne: fekete, k\u00e9k, piros, z\u00f6ld, lila<\/p>\n<p>D\u00e1tum elrendez\u00e9s: 2006-12-31., rendel\u00e9sre: 2006 DEC 31.<\/p>\n","protected":false},"excerpt":{"rendered":"<p>F\u00e9mb\u0151l k\u00e9sz\u00fclt d\u00e1tumb\u00e9lyegz\u0151, mely \u00e9vszalaga 12 \u00e9vig haszn\u00e1lhat\u00f3 \u00e9s d\u00e1tummagass\u00e1ga 5 mm. Cserep\u00e1rna sz\u00edne: fekete, k\u00e9k, piros, z\u00f6ld, lila D\u00e1tum elrendez\u00e9s: 2006-12-31., rendel\u00e9sre: 2006 DEC 31.<\/p>\n","protected":false},"featured_media":3675,"comment_status":"closed","ping_status":"closed","template":"","meta":[],"_links":{"self":[{"href":"https:\/\/graficolor.hu\/webshop\/wp-json\/wp\/v2\/product\/888"}],"collection":[{"href":"https:\/\/graficolor.hu\/webshop\/wp-json\/wp\/v2\/product"}],"about":[{"href":"https:\/\/graficolor.hu\/webshop\/wp-json\/wp\/v2\/types\/product"}],"replies":[{"embeddable":true,"href":"https:\/\/graficolor.hu\/webshop\/wp-json\/wp\/v2\/comments?post=888"}],"version-history":[{"count":1,"href":"https:\/\/graficolor.hu\/webshop\/wp-json\/wp\/v2\/product\/888\/revisions"}],"predecessor-version":[{"id":50035,"href":"https:\/\/graficolor.hu\/webshop\/wp-json\/wp\/v2\/product\/888\/revisions\/50035"}],"wp:featuredmedia":[{"embeddable":true,"href":"https:\/\/graficolor.hu\/webshop\/wp-json\/wp\/v2\/media\/3675"}],"wp:attachment":[{"href":"https:\/\/graficolor.hu\/webshop\/wp-json\/wp\/v2\/media?parent=888"}],"curies":[{"name":"wp","href":"https:\/\/api.w.org\/{rel}","templated":true}]}}