{"id":894,"date":"2015-11-24T05:29:59","date_gmt":"2015-11-24T05:29:59","guid":{"rendered":"http:\/\/graficolor.hu\/webshop\/termek\/printer-s-220\/"},"modified":"2025-01-15T14:54:23","modified_gmt":"2025-01-15T13:54:23","slug":"printer-s-220","status":"publish","type":"product","link":"https:\/\/graficolor.hu\/webshop\/termek\/printer-s-220\/","title":{"rendered":"Printer S 220"},"content":{"rendered":"<p>Hagyom\u00e1nyos d\u00e1tumb\u00e9lyegz\u0151 mindennapi haszn\u00e1latra, melynek \u00e9vszalaga 12 \u00e9vig haszn\u00e1lhat\u00f3. Cserep\u00e1rna sz\u00edne: fekete, k\u00e9k, piros, z\u00f6ld, lila D\u00e1tum elrendez\u00e9s: 2006 DEC 31., 2006-12-31, 31.12.2006<\/p>\n","protected":false},"excerpt":{"rendered":"<p>Hagyom\u00e1nyos d\u00e1tumb\u00e9lyegz\u0151 mindennapi haszn\u00e1latra, melynek \u00e9vszalaga 12 \u00e9vig haszn\u00e1lhat\u00f3.<\/p>\n","protected":false},"featured_media":4099,"comment_status":"closed","ping_status":"closed","template":"","meta":[],"_links":{"self":[{"href":"https:\/\/graficolor.hu\/webshop\/wp-json\/wp\/v2\/product\/894"}],"collection":[{"href":"https:\/\/graficolor.hu\/webshop\/wp-json\/wp\/v2\/product"}],"about":[{"href":"https:\/\/graficolor.hu\/webshop\/wp-json\/wp\/v2\/types\/product"}],"replies":[{"embeddable":true,"href":"https:\/\/graficolor.hu\/webshop\/wp-json\/wp\/v2\/comments?post=894"}],"version-history":[{"count":1,"href":"https:\/\/graficolor.hu\/webshop\/wp-json\/wp\/v2\/product\/894\/revisions"}],"predecessor-version":[{"id":50037,"href":"https:\/\/graficolor.hu\/webshop\/wp-json\/wp\/v2\/product\/894\/revisions\/50037"}],"wp:featuredmedia":[{"embeddable":true,"href":"https:\/\/graficolor.hu\/webshop\/wp-json\/wp\/v2\/media\/4099"}],"wp:attachment":[{"href":"https:\/\/graficolor.hu\/webshop\/wp-json\/wp\/v2\/media?parent=894"}],"curies":[{"name":"wp","href":"https:\/\/api.w.org\/{rel}","templated":true}]}}