{"id":895,"date":"2015-11-24T05:29:59","date_gmt":"2015-11-24T05:29:59","guid":{"rendered":"http:\/\/graficolor.hu\/webshop\/termek\/s-120-mini-datum\/"},"modified":"2025-01-15T14:54:59","modified_gmt":"2025-01-15T13:54:59","slug":"s-120-mini-datum","status":"publish","type":"product","link":"https:\/\/graficolor.hu\/webshop\/termek\/s-120-mini-datum\/","title":{"rendered":"S 120 Mini D\u00e1tum"},"content":{"rendered":"<p>A l\u00e9tez\u0151 legkisebb \u00f6nfest\u00e9kez\u0151 d\u00e1tumb\u00e9lyegz\u0151 a vil\u00e1gon, melynek 12 \u00e9vig haszn\u00e1lhat\u00f3 az \u00e9vszalaga.<\/p>\n<p>Cserep\u00e1rna sz\u00edne: fekete, k\u00e9k, piros, z\u00f6ld, lila<\/p>\n<p>D\u00e1tum elrendez\u00e9se: 2006 DEC 31., 2006-12-31, 31.12.2006, 31 DEC 2006<\/p>\n","protected":false},"excerpt":{"rendered":"<p>A l\u00e9tez\u0151 legkisebb \u00f6nfest\u00e9kez\u0151 d\u00e1tumb\u00e9lyegz\u0151 a vil\u00e1gon, melynek 12 \u00e9vig haszn\u00e1lhat\u00f3 az \u00e9vszalaga.<\/p>\n","protected":false},"featured_media":4081,"comment_status":"closed","ping_status":"closed","template":"","meta":[],"_links":{"self":[{"href":"https:\/\/graficolor.hu\/webshop\/wp-json\/wp\/v2\/product\/895"}],"collection":[{"href":"https:\/\/graficolor.hu\/webshop\/wp-json\/wp\/v2\/product"}],"about":[{"href":"https:\/\/graficolor.hu\/webshop\/wp-json\/wp\/v2\/types\/product"}],"replies":[{"embeddable":true,"href":"https:\/\/graficolor.hu\/webshop\/wp-json\/wp\/v2\/comments?post=895"}],"version-history":[{"count":1,"href":"https:\/\/graficolor.hu\/webshop\/wp-json\/wp\/v2\/product\/895\/revisions"}],"predecessor-version":[{"id":50038,"href":"https:\/\/graficolor.hu\/webshop\/wp-json\/wp\/v2\/product\/895\/revisions\/50038"}],"wp:featuredmedia":[{"embeddable":true,"href":"https:\/\/graficolor.hu\/webshop\/wp-json\/wp\/v2\/media\/4081"}],"wp:attachment":[{"href":"https:\/\/graficolor.hu\/webshop\/wp-json\/wp\/v2\/media?parent=895"}],"curies":[{"name":"wp","href":"https:\/\/api.w.org\/{rel}","templated":true}]}}