{"id":896,"date":"2015-11-24T05:29:59","date_gmt":"2015-11-24T05:29:59","guid":{"rendered":"http:\/\/graficolor.hu\/webshop\/termek\/s-120dd-mini-dupla-datum\/"},"modified":"2025-01-15T14:55:49","modified_gmt":"2025-01-15T13:55:49","slug":"s-120dd-mini-dupla-datum","status":"publish","type":"product","link":"https:\/\/graficolor.hu\/webshop\/termek\/s-120dd-mini-dupla-datum\/","title":{"rendered":"S 120\/DD Mini Dupla D\u00e1tum"},"content":{"rendered":"<p>Ez a praktikus d\u00e1tumb\u00e9lyegz\u0151 k\u00e9t d\u00e1tummal van ell\u00e1tva, mely t\u00f6k\u00e9letes id\u0151intervallumok jel\u00f6l\u00e9s\u00e9re.<\/p>\n<p>A b\u00e9lyegz\u0151 \u00e9vszalaga 12 \u00e9vig haszn\u00e1lhat\u00f3. Cserep\u00e1rna sz\u00edne: fekete, k\u00e9k, piros, z\u00f6ld, lila<\/p>\n<p>D\u00e1tum elrendez\u00e9s: 2006 DEC 31.-2007 DEC 31., rendel\u00e9sre: 2006-12-31-2007-12-31<\/p>\n","protected":false},"excerpt":{"rendered":"<p>Ez a praktikus d\u00e1tumb\u00e9lyegz\u0151 k\u00e9t d\u00e1tummal van ell\u00e1tva, mely t\u00f6k\u00e9letes id\u0151intervallumok jel\u00f6l\u00e9s\u00e9re.\u00a0A b\u00e9lyegz\u0151 \u00e9vszalaga 12 \u00e9vig haszn\u00e1lhat\u00f3.<\/p>\n","protected":false},"featured_media":4085,"comment_status":"closed","ping_status":"closed","template":"","meta":[],"_links":{"self":[{"href":"https:\/\/graficolor.hu\/webshop\/wp-json\/wp\/v2\/product\/896"}],"collection":[{"href":"https:\/\/graficolor.hu\/webshop\/wp-json\/wp\/v2\/product"}],"about":[{"href":"https:\/\/graficolor.hu\/webshop\/wp-json\/wp\/v2\/types\/product"}],"replies":[{"embeddable":true,"href":"https:\/\/graficolor.hu\/webshop\/wp-json\/wp\/v2\/comments?post=896"}],"version-history":[{"count":2,"href":"https:\/\/graficolor.hu\/webshop\/wp-json\/wp\/v2\/product\/896\/revisions"}],"predecessor-version":[{"id":50039,"href":"https:\/\/graficolor.hu\/webshop\/wp-json\/wp\/v2\/product\/896\/revisions\/50039"}],"wp:featuredmedia":[{"embeddable":true,"href":"https:\/\/graficolor.hu\/webshop\/wp-json\/wp\/v2\/media\/4085"}],"wp:attachment":[{"href":"https:\/\/graficolor.hu\/webshop\/wp-json\/wp\/v2\/media?parent=896"}],"curies":[{"name":"wp","href":"https:\/\/api.w.org\/{rel}","templated":true}]}}