{"id":902,"date":"2015-11-24T05:29:59","date_gmt":"2015-11-24T05:29:59","guid":{"rendered":"http:\/\/graficolor.hu\/webshop\/termek\/classic-2360\/"},"modified":"2025-01-15T14:57:56","modified_gmt":"2025-01-15T13:57:56","slug":"classic-2360","status":"publish","type":"product","link":"https:\/\/graficolor.hu\/webshop\/termek\/classic-2360\/","title":{"rendered":"Classic 2360"},"content":{"rendered":"<p><strong>A rendel\u00e9st meger\u0151s\u00edt\u0151 e-mailre k\u00e9rj\u00fck,k\u00fcldje el v\u00e1laszlev\u00e9lben a k\u00edv\u00e1nt lenyomat sz\u00f6veg\u00e9t, log\u00f3j\u00e1t.<\/strong><br \/>\nNorm\u00e1l m\u00e9ret\u0171 f\u00e9mh\u00e1zas d\u00e1tumb\u00e9lyegz\u0151 sz\u00f6veggel, mely a d\u00e1tum f\u00f6l\u00f6tt \u00e9s alatt helyezkedik el. Az \u00e9vszalag 12 \u00e9vig haszn\u00e1lhat\u00f3. D\u00e1tum elrendez\u00e9s: 2006 DEC 31., rendel\u00e9sre: 2006-12-31 Cserep\u00e1rna sz\u00edne: fekete, k\u00e9k, piros, z\u00f6ld, lila Mintalenyomat: 45*30 mm, max. 4 sor<\/p>\n","protected":false},"excerpt":{"rendered":"<p>Norm\u00e1l m\u00e9ret\u0171 f\u00e9mh\u00e1zas d\u00e1tumb\u00e9lyegz\u0151 sz\u00f6veggel, mely a d\u00e1tum f\u00f6l\u00f6tt \u00e9s alatt helyezkedik el. Az \u00e9vszalag 12 \u00e9vig haszn\u00e1lhat\u00f3.<strong>A rendel\u00e9st meger\u0151s\u00edt\u0151 e-mailre k\u00e9rj\u00fck,k\u00fcldje el v\u00e1laszlev\u00e9lben a k\u00edv\u00e1nt lenyomat sz\u00f6veg\u00e9t, log\u00f3j\u00e1t.<\/strong><\/p>\n","protected":false},"featured_media":3687,"comment_status":"closed","ping_status":"closed","template":"","meta":[],"_links":{"self":[{"href":"https:\/\/graficolor.hu\/webshop\/wp-json\/wp\/v2\/product\/902"}],"collection":[{"href":"https:\/\/graficolor.hu\/webshop\/wp-json\/wp\/v2\/product"}],"about":[{"href":"https:\/\/graficolor.hu\/webshop\/wp-json\/wp\/v2\/types\/product"}],"replies":[{"embeddable":true,"href":"https:\/\/graficolor.hu\/webshop\/wp-json\/wp\/v2\/comments?post=902"}],"version-history":[{"count":2,"href":"https:\/\/graficolor.hu\/webshop\/wp-json\/wp\/v2\/product\/902\/revisions"}],"predecessor-version":[{"id":50042,"href":"https:\/\/graficolor.hu\/webshop\/wp-json\/wp\/v2\/product\/902\/revisions\/50042"}],"wp:featuredmedia":[{"embeddable":true,"href":"https:\/\/graficolor.hu\/webshop\/wp-json\/wp\/v2\/media\/3687"}],"wp:attachment":[{"href":"https:\/\/graficolor.hu\/webshop\/wp-json\/wp\/v2\/media?parent=902"}],"curies":[{"name":"wp","href":"https:\/\/api.w.org\/{rel}","templated":true}]}}