{"id":907,"date":"2015-11-24T05:30:01","date_gmt":"2015-11-24T05:30:01","guid":{"rendered":"http:\/\/graficolor.hu\/webshop\/termek\/classic-2860\/"},"modified":"2025-01-15T14:48:12","modified_gmt":"2025-01-15T13:48:12","slug":"classic-2860","status":"publish","type":"product","link":"https:\/\/graficolor.hu\/webshop\/termek\/classic-2860\/","title":{"rendered":"Classic 2860"},"content":{"rendered":"<p><strong>A rendel\u00e9st meger\u0151s\u00edt\u0151 e-mailre k\u00e9rj\u00fck,k\u00fcldje el v\u00e1laszlev\u00e9lben a k\u00edv\u00e1nt lenyomat sz\u00f6veg\u00e9t, log\u00f3j\u00e1t.<\/strong><br \/>\nEXTRA nagym\u00e9ret\u0171 f\u00e9mh\u00e1zas d\u00e1tumb\u00e9lyegz\u0151, mely nagyon stapab\u00edr\u00f3 \u00e9s a sz\u00f6veg a d\u00e1tum f\u00f6l\u00f6tt illetve alatt helyezkedik el. Az \u00e9vszalag 12 \u00e9vig haszn\u00e1lhat\u00f3. D\u00e1tum elrendez\u00e9s: 2006 DEC 31., rendel\u00e9sre: 2006-12-31 Cserep\u00e1rna sz\u00edne: fekete, k\u00e9k, piros, z\u00f6ld, lila Mintalenyomat: 68*49 mm, max. 8 sor<\/p>\n","protected":false},"excerpt":{"rendered":"<p>EXTRA nagym\u00e9ret\u0171 f\u00e9mh\u00e1zas d\u00e1tumb\u00e9lyegz\u0151, mely nagyon stapab\u00edr\u00f3 \u00e9s a sz\u00f6veg a d\u00e1tum f\u00f6l\u00f6tt illetve alatt helyezkedik el. Az \u00e9vszalag 12 \u00e9vig haszn\u00e1lhat\u00f3. D\u00e1tum elrendez\u00e9s: 2006 DEC 31., rendel\u00e9sre: 2006-12-31<strong>A rendel\u00e9st meger\u0151s\u00edt\u0151 e-mailre k\u00e9rj\u00fck,k\u00fcldje el v\u00e1laszlev\u00e9lben a k\u00edv\u00e1nt lenyomat sz\u00f6veg\u00e9t, log\u00f3j\u00e1t.<\/strong><\/p>\n","protected":false},"featured_media":3696,"comment_status":"closed","ping_status":"closed","template":"","meta":[],"_links":{"self":[{"href":"https:\/\/graficolor.hu\/webshop\/wp-json\/wp\/v2\/product\/907"}],"collection":[{"href":"https:\/\/graficolor.hu\/webshop\/wp-json\/wp\/v2\/product"}],"about":[{"href":"https:\/\/graficolor.hu\/webshop\/wp-json\/wp\/v2\/types\/product"}],"replies":[{"embeddable":true,"href":"https:\/\/graficolor.hu\/webshop\/wp-json\/wp\/v2\/comments?post=907"}],"version-history":[{"count":1,"href":"https:\/\/graficolor.hu\/webshop\/wp-json\/wp\/v2\/product\/907\/revisions"}],"predecessor-version":[{"id":50026,"href":"https:\/\/graficolor.hu\/webshop\/wp-json\/wp\/v2\/product\/907\/revisions\/50026"}],"wp:featuredmedia":[{"embeddable":true,"href":"https:\/\/graficolor.hu\/webshop\/wp-json\/wp\/v2\/media\/3696"}],"wp:attachment":[{"href":"https:\/\/graficolor.hu\/webshop\/wp-json\/wp\/v2\/media?parent=907"}],"curies":[{"name":"wp","href":"https:\/\/api.w.org\/{rel}","templated":true}]}}