{"id":911,"date":"2015-11-24T05:30:01","date_gmt":"2015-11-24T05:30:01","guid":{"rendered":"http:\/\/graficolor.hu\/webshop\/termek\/expert-3960\/"},"modified":"2025-01-15T14:49:54","modified_gmt":"2025-01-15T13:49:54","slug":"expert-3960","status":"publish","type":"product","link":"https:\/\/graficolor.hu\/webshop\/termek\/expert-3960\/","title":{"rendered":"Expert 3960"},"content":{"rendered":"<p><strong>A rendel\u00e9st meger\u0151s\u00edt\u0151 e-mailre k\u00e9rj\u00fck,k\u00fcldje el v\u00e1laszlev\u00e9lben a k\u00edv\u00e1nt lenyomat sz\u00f6veg\u00e9t, log\u00f3j\u00e1t.<\/strong><br \/>\nExtra nagy lenyomat? Strapab\u00edr\u00e1s? Ez a f\u00e9mb\u00e9lyegz\u0151 a t\u00f6k\u00e9letes v\u00e1laszt\u00e1s. A sz\u00f6veg a d\u00e1tum k\u00f6r\u00fcl helyezkedik el tetsz\u0151legesen. D\u00e1tum elrendez\u00e9s: 2006 DEC 31., rendel\u00e9sre: 2006-12-31 Cserep\u00e1rna sz\u00edne: fekete, k\u00e9k, piros, z\u00f6ld, lila Mintalenyomat: 106*55 mm<\/p>\n","protected":false},"excerpt":{"rendered":"<p>Extra nagy lenyomat? Strapab\u00edr\u00e1s? Ez a f\u00e9mb\u00e9lyegz\u0151 a t\u00f6k\u00e9letes v\u00e1laszt\u00e1s. A sz\u00f6veg a d\u00e1tum k\u00f6r\u00fcl helyezkedik el tetsz\u0151legesen. D\u00e1tum elrendez\u00e9s: 2006 DEC 31., rendel\u00e9sre: 2006-12-31<strong>A rendel\u00e9st meger\u0151s\u00edt\u0151 e-mailre k\u00e9rj\u00fck,k\u00fcldje el v\u00e1laszlev\u00e9lben a k\u00edv\u00e1nt lenyomat sz\u00f6veg\u00e9t, log\u00f3j\u00e1t.<\/strong><\/p>\n","protected":false},"featured_media":3793,"comment_status":"closed","ping_status":"closed","template":"","meta":[],"_links":{"self":[{"href":"https:\/\/graficolor.hu\/webshop\/wp-json\/wp\/v2\/product\/911"}],"collection":[{"href":"https:\/\/graficolor.hu\/webshop\/wp-json\/wp\/v2\/product"}],"about":[{"href":"https:\/\/graficolor.hu\/webshop\/wp-json\/wp\/v2\/types\/product"}],"replies":[{"embeddable":true,"href":"https:\/\/graficolor.hu\/webshop\/wp-json\/wp\/v2\/comments?post=911"}],"version-history":[{"count":2,"href":"https:\/\/graficolor.hu\/webshop\/wp-json\/wp\/v2\/product\/911\/revisions"}],"predecessor-version":[{"id":50030,"href":"https:\/\/graficolor.hu\/webshop\/wp-json\/wp\/v2\/product\/911\/revisions\/50030"}],"wp:featuredmedia":[{"embeddable":true,"href":"https:\/\/graficolor.hu\/webshop\/wp-json\/wp\/v2\/media\/3793"}],"wp:attachment":[{"href":"https:\/\/graficolor.hu\/webshop\/wp-json\/wp\/v2\/media?parent=911"}],"curies":[{"name":"wp","href":"https:\/\/api.w.org\/{rel}","templated":true}]}}