{"id":923,"date":"2015-11-24T05:30:03","date_gmt":"2015-11-24T05:30:03","guid":{"rendered":"http:\/\/graficolor.hu\/webshop\/termek\/printer-60-datum-bal\/"},"modified":"2025-01-15T14:35:54","modified_gmt":"2025-01-15T13:35:54","slug":"printer-60-datum-bal","status":"publish","type":"product","link":"https:\/\/graficolor.hu\/webshop\/termek\/printer-60-datum-bal\/","title":{"rendered":"Printer 60 D\u00e1tum Bal"},"content":{"rendered":"<p><strong>A rendel\u00e9st meger\u0151s\u00edt\u0151 e-mailre k\u00e9rj\u00fck,k\u00fcldje el v\u00e1laszlev\u00e9lben a k\u00edv\u00e1nt lenyomat sz\u00f6veg\u00e9t, log\u00f3j\u00e1t.<\/strong><br \/>\nA legnagyobb \u00f6nfest\u00e9kez\u0151 d\u00e1tumb\u00e9lyegz\u0151, melyen a d\u00e1tum k\u00f6z\u00e9pen a lenyomat bal oldal\u00e1n helyezkedik el. Az \u00e9vszalag 12 \u00e9vig haszn\u00e1lhat\u00f3. D\u00e1tum elrendez\u00e9s: 2020 DEC 31., rendel\u00e9sre: 2020-12-31 Cserep\u00e1rna sz\u00edne: fekete, k\u00e9k, piros, z\u00f6ld, lila H\u00e1z sz\u00edne: fekete Mintalenyomat: 76*37 mm, max. 8 sor<\/p>\n","protected":false},"excerpt":{"rendered":"<p>A legnagyobb \u00f6nfest\u00e9kez\u0151 d\u00e1tumb\u00e9lyegz\u0151, melyen a d\u00e1tum k\u00f6z\u00e9pen a lenyomat bal oldal\u00e1n helyezkedik el. Az \u00e9vszalag 12 \u00e9vig haszn\u00e1lhat\u00f3. D\u00e1tum elrendez\u00e9s: 2020 DEC 31., rendel\u00e9sre: 2020-12-31<strong>A rendel\u00e9st meger\u0151s\u00edt\u0151 e-mailre k\u00e9rj\u00fck,k\u00fcldje el v\u00e1laszlev\u00e9lben a k\u00edv\u00e1nt lenyomat sz\u00f6veg\u00e9t, log\u00f3j\u00e1t.<\/strong><\/p>\n","protected":false},"featured_media":3824,"comment_status":"closed","ping_status":"closed","template":"","meta":[],"_links":{"self":[{"href":"https:\/\/graficolor.hu\/webshop\/wp-json\/wp\/v2\/product\/923"}],"collection":[{"href":"https:\/\/graficolor.hu\/webshop\/wp-json\/wp\/v2\/product"}],"about":[{"href":"https:\/\/graficolor.hu\/webshop\/wp-json\/wp\/v2\/types\/product"}],"replies":[{"embeddable":true,"href":"https:\/\/graficolor.hu\/webshop\/wp-json\/wp\/v2\/comments?post=923"}],"version-history":[{"count":1,"href":"https:\/\/graficolor.hu\/webshop\/wp-json\/wp\/v2\/product\/923\/revisions"}],"predecessor-version":[{"id":50009,"href":"https:\/\/graficolor.hu\/webshop\/wp-json\/wp\/v2\/product\/923\/revisions\/50009"}],"wp:featuredmedia":[{"embeddable":true,"href":"https:\/\/graficolor.hu\/webshop\/wp-json\/wp\/v2\/media\/3824"}],"wp:attachment":[{"href":"https:\/\/graficolor.hu\/webshop\/wp-json\/wp\/v2\/media?parent=923"}],"curies":[{"name":"wp","href":"https:\/\/api.w.org\/{rel}","templated":true}]}}