{"id":931,"date":"2015-11-24T05:30:03","date_gmt":"2015-11-24T05:30:03","guid":{"rendered":"http:\/\/graficolor.hu\/webshop\/termek\/printer-r-30-datum\/"},"modified":"2025-01-15T14:37:52","modified_gmt":"2025-01-15T13:37:52","slug":"printer-r-30-datum","status":"publish","type":"product","link":"https:\/\/graficolor.hu\/webshop\/termek\/printer-r-30-datum\/","title":{"rendered":"Printer R 30 D\u00e1tum"},"content":{"rendered":"<p><strong>A rendel\u00e9st meger\u0151s\u00edt\u0151 e-mailre k\u00e9rj\u00fck,k\u00fcldje el v\u00e1laszlev\u00e9lben a k\u00edv\u00e1nt lenyomat sz\u00f6veg\u00e9t, log\u00f3j\u00e1t.<\/strong><br \/>\nEz az \u00f6nfest\u00e9kez\u0151 d\u00e1tumb\u00e9lyegz\u0151 sz\u00f6veggel t\u00f6k\u00e9letes v\u00e1laszt\u00e1s hivatalos lenyomatokhoz. A sz\u00f6veg a d\u00e1tumot k\u00f6rbe\u00f6leli \u00e9s az \u00e9vszalag 12 \u00e9vig haszn\u00e1lhat\u00f3. H\u00e1z sz\u00edne: fekete Cserep\u00e1rna sz\u00edne: fekete, k\u00e9k, piros, z\u00f6ld, lila D\u00e1tum elrendez\u00e9s: 2006 DEC 31., rendel\u00e9sre: 31.12.2006 Mintalenyomat: 30 mm \u00e1tm\u00e9r\u0151j\u0171, max. 4 sor<\/p>\n","protected":false},"excerpt":{"rendered":"<p>Ez az \u00f6nfest\u00e9kez\u0151 d\u00e1tumb\u00e9lyegz\u0151 sz\u00f6veggel t\u00f6k\u00e9letes v\u00e1laszt\u00e1s hivatalos lenyomatokhoz. A sz\u00f6veg a d\u00e1tumot k\u00f6rbe\u00f6leli \u00e9s az \u00e9vszalag 12 \u00e9vig haszn\u00e1lhat\u00f3.<strong>A rendel\u00e9st meger\u0151s\u00edt\u0151 e-mailre k\u00e9rj\u00fck,k\u00fcldje el v\u00e1laszlev\u00e9lben a k\u00edv\u00e1nt lenyomat sz\u00f6veg\u00e9t, log\u00f3j\u00e1t.<\/strong><\/p>\n","protected":false},"featured_media":4069,"comment_status":"closed","ping_status":"closed","template":"","meta":[],"_links":{"self":[{"href":"https:\/\/graficolor.hu\/webshop\/wp-json\/wp\/v2\/product\/931"}],"collection":[{"href":"https:\/\/graficolor.hu\/webshop\/wp-json\/wp\/v2\/product"}],"about":[{"href":"https:\/\/graficolor.hu\/webshop\/wp-json\/wp\/v2\/types\/product"}],"replies":[{"embeddable":true,"href":"https:\/\/graficolor.hu\/webshop\/wp-json\/wp\/v2\/comments?post=931"}],"version-history":[{"count":1,"href":"https:\/\/graficolor.hu\/webshop\/wp-json\/wp\/v2\/product\/931\/revisions"}],"predecessor-version":[{"id":50012,"href":"https:\/\/graficolor.hu\/webshop\/wp-json\/wp\/v2\/product\/931\/revisions\/50012"}],"wp:featuredmedia":[{"embeddable":true,"href":"https:\/\/graficolor.hu\/webshop\/wp-json\/wp\/v2\/media\/4069"}],"wp:attachment":[{"href":"https:\/\/graficolor.hu\/webshop\/wp-json\/wp\/v2\/media?parent=931"}],"curies":[{"name":"wp","href":"https:\/\/api.w.org\/{rel}","templated":true}]}}