{"id":935,"date":"2015-11-24T05:30:03","date_gmt":"2015-11-24T05:30:03","guid":{"rendered":"http:\/\/graficolor.hu\/webshop\/termek\/printer-r-50-datum\/"},"modified":"2025-01-15T14:40:01","modified_gmt":"2025-01-15T13:40:01","slug":"printer-r-50-datum","status":"publish","type":"product","link":"https:\/\/graficolor.hu\/webshop\/termek\/printer-r-50-datum\/","title":{"rendered":"Printer R 50 D\u00e1tum"},"content":{"rendered":"<p><strong>A rendel\u00e9st meger\u0151s\u00edt\u0151 e-mailre k\u00e9rj\u00fck,k\u00fcldje el v\u00e1laszlev\u00e9lben a k\u00edv\u00e1nt lenyomat sz\u00f6veg\u00e9t, log\u00f3j\u00e1t.<\/strong><br \/>\nA legnagyobb \u00f6nfest\u00e9kez\u0151 d\u00e1tumb\u00e9lyegz\u0151 sz\u00f6veggel, a sz\u00f6veg a d\u00e1tumot k\u00f6rbe\u00f6leli \u00e9s az \u00e9vszalag 12 \u00e9vig haszn\u00e1lhat\u00f3. H\u00e1z sz\u00edne: fekete D\u00e1tum elrendez\u00e9s: 2006 DEC 31., rendel\u00e9sre: 2006-12-31 Cserep\u00e1rna sz\u00edne: fekete, k\u00e9k, piros, z\u00f6ld, lila Mintalenyomat: 50 mm \u00e1tm\u00e9r\u0151j\u0171, max. 8 sor<\/p>\n","protected":false},"excerpt":{"rendered":"<p>A legnagyobb \u00f6nfest\u00e9kez\u0151 d\u00e1tumb\u00e9lyegz\u0151 sz\u00f6veggel, a sz\u00f6veg a d\u00e1tumot k\u00f6rbe\u00f6leli \u00e9s az \u00e9vszalag 12 \u00e9vig haszn\u00e1lhat\u00f3.<strong>A rendel\u00e9st meger\u0151s\u00edt\u0151 e-mailre k\u00e9rj\u00fck,k\u00fcldje el v\u00e1laszlev\u00e9lben a k\u00edv\u00e1nt lenyomat sz\u00f6veg\u00e9t, log\u00f3j\u00e1t.<\/strong><\/p>\n","protected":false},"featured_media":4077,"comment_status":"closed","ping_status":"closed","template":"","meta":[],"_links":{"self":[{"href":"https:\/\/graficolor.hu\/webshop\/wp-json\/wp\/v2\/product\/935"}],"collection":[{"href":"https:\/\/graficolor.hu\/webshop\/wp-json\/wp\/v2\/product"}],"about":[{"href":"https:\/\/graficolor.hu\/webshop\/wp-json\/wp\/v2\/types\/product"}],"replies":[{"embeddable":true,"href":"https:\/\/graficolor.hu\/webshop\/wp-json\/wp\/v2\/comments?post=935"}],"version-history":[{"count":1,"href":"https:\/\/graficolor.hu\/webshop\/wp-json\/wp\/v2\/product\/935\/revisions"}],"predecessor-version":[{"id":50015,"href":"https:\/\/graficolor.hu\/webshop\/wp-json\/wp\/v2\/product\/935\/revisions\/50015"}],"wp:featuredmedia":[{"embeddable":true,"href":"https:\/\/graficolor.hu\/webshop\/wp-json\/wp\/v2\/media\/4077"}],"wp:attachment":[{"href":"https:\/\/graficolor.hu\/webshop\/wp-json\/wp\/v2\/media?parent=935"}],"curies":[{"name":"wp","href":"https:\/\/api.w.org\/{rel}","templated":true}]}}