{"id":936,"date":"2015-11-24T05:30:03","date_gmt":"2015-11-24T05:30:03","guid":{"rendered":"http:\/\/graficolor.hu\/webshop\/termek\/printer-s-260\/"},"modified":"2025-01-15T14:40:43","modified_gmt":"2025-01-15T13:40:43","slug":"printer-s-260","status":"publish","type":"product","link":"https:\/\/graficolor.hu\/webshop\/termek\/printer-s-260\/","title":{"rendered":"Printer S 260"},"content":{"rendered":"<p><strong>A rendel\u00e9st meger\u0151s\u00edt\u0151 e-mailre k\u00e9rj\u00fck,k\u00fcldje el v\u00e1laszlev\u00e9lben a k\u00edv\u00e1nt lenyomat sz\u00f6veg\u00e9t, log\u00f3j\u00e1t.<\/strong><br \/>\nltal\u00e1nos \u00f6nfest\u00e9kez\u0151 d\u00e1tumb\u00e9lyegz\u0151 sz\u00f6veggel, melynek \u00e9vszalaga 12 \u00e9vig haszn\u00e1lhat\u00f3. A sz\u00f6veg a d\u00e1tum f\u00f6l\u00f6tt \u00e9s alatt helyezkedik. D\u00e1tum elrendez\u00e9s: 2006 DEC 31., 2006-12-31, 31. 12. 2006 Cserep\u00e1rna sz\u00edne: fekete, k\u00e9k, piros, z\u00f6ld, lila H\u00e1z sz\u00edne: fekete Mintalenyomat: 45*24 mm, max. 4 sor<\/p>\n","protected":false},"excerpt":{"rendered":"<p>ltal\u00e1nos \u00f6nfest\u00e9kez\u0151 d\u00e1tumb\u00e9lyegz\u0151 sz\u00f6veggel, melynek \u00e9vszalaga 12 \u00e9vig haszn\u00e1lhat\u00f3. A sz\u00f6veg a d\u00e1tum f\u00f6l\u00f6tt \u00e9s alatt helyezkedik. D\u00e1tum elrendez\u00e9s: 2006 DEC 31., 2006-12-31, 31. 12. 2006<strong>A rendel\u00e9st meger\u0151s\u00edt\u0151 e-mailre k\u00e9rj\u00fck,k\u00fcldje el v\u00e1laszlev\u00e9lben a k\u00edv\u00e1nt lenyomat sz\u00f6veg\u00e9t, log\u00f3j\u00e1t.<\/strong><\/p>\n","protected":false},"featured_media":4104,"comment_status":"closed","ping_status":"closed","template":"","meta":[],"_links":{"self":[{"href":"https:\/\/graficolor.hu\/webshop\/wp-json\/wp\/v2\/product\/936"}],"collection":[{"href":"https:\/\/graficolor.hu\/webshop\/wp-json\/wp\/v2\/product"}],"about":[{"href":"https:\/\/graficolor.hu\/webshop\/wp-json\/wp\/v2\/types\/product"}],"replies":[{"embeddable":true,"href":"https:\/\/graficolor.hu\/webshop\/wp-json\/wp\/v2\/comments?post=936"}],"version-history":[{"count":1,"href":"https:\/\/graficolor.hu\/webshop\/wp-json\/wp\/v2\/product\/936\/revisions"}],"predecessor-version":[{"id":50016,"href":"https:\/\/graficolor.hu\/webshop\/wp-json\/wp\/v2\/product\/936\/revisions\/50016"}],"wp:featuredmedia":[{"embeddable":true,"href":"https:\/\/graficolor.hu\/webshop\/wp-json\/wp\/v2\/media\/4104"}],"wp:attachment":[{"href":"https:\/\/graficolor.hu\/webshop\/wp-json\/wp\/v2\/media?parent=936"}],"curies":[{"name":"wp","href":"https:\/\/api.w.org\/{rel}","templated":true}]}}