{"id":938,"date":"2015-11-24T05:30:03","date_gmt":"2015-11-24T05:30:03","guid":{"rendered":"http:\/\/graficolor.hu\/webshop\/termek\/s-120p\/"},"modified":"2025-01-15T14:41:17","modified_gmt":"2025-01-15T13:41:17","slug":"s-120p","status":"publish","type":"product","link":"https:\/\/graficolor.hu\/webshop\/termek\/s-120p\/","title":{"rendered":"S 120\/P"},"content":{"rendered":"<p><strong>A rendel\u00e9st meger\u0151s\u00edt\u0151 e-mailre k\u00e9rj\u00fck,k\u00fcldje el v\u00e1laszlev\u00e9lben a k\u00edv\u00e1nt lenyomat sz\u00f6veg\u00e9t, log\u00f3j\u00e1t.<\/strong><br \/>\nHa a d\u00e1tum el\u00e9 r\u00f6vid sz\u00f6veget szeretne b\u00e9lyegezni akkor ez az \u00f6nfest\u00e9kez\u0151 b\u00e9lyegz\u0151 lesz a t\u00f6k\u00e9letes v\u00e1laszt\u00e1s \u00d6nnek, melynek \u00e9vszalaga 12 \u00e9vig haszn\u00e1lhat\u00f3. D\u00e1tum elrendez\u00e9s: 2020 DEC 31., rendel\u00e9sre: 2020-12-31 Cserep\u00e1rna sz\u00edne: fekete, k\u00e9k, piros, z\u00f6ld, lila H\u00e1z sz\u00edne: fekete Mintalenyomat: 25*10 mm, max. 2 sor<\/p>\n","protected":false},"excerpt":{"rendered":"<p>Ha a d\u00e1tum el\u00e9 r\u00f6vid sz\u00f6veget szeretne b\u00e9lyegezni akkor ez az \u00f6nfest\u00e9kez\u0151 b\u00e9lyegz\u0151 lesz a t\u00f6k\u00e9letes v\u00e1laszt\u00e1s \u00d6nnek.<strong>A rendel\u00e9st meger\u0151s\u00edt\u0151 e-mailre k\u00e9rj\u00fck,k\u00fcldje el v\u00e1laszlev\u00e9lben a k\u00edv\u00e1nt lenyomat sz\u00f6veg\u00e9t, log\u00f3j\u00e1t.<\/strong><\/p>\n","protected":false},"featured_media":4087,"comment_status":"closed","ping_status":"closed","template":"","meta":[],"_links":{"self":[{"href":"https:\/\/graficolor.hu\/webshop\/wp-json\/wp\/v2\/product\/938"}],"collection":[{"href":"https:\/\/graficolor.hu\/webshop\/wp-json\/wp\/v2\/product"}],"about":[{"href":"https:\/\/graficolor.hu\/webshop\/wp-json\/wp\/v2\/types\/product"}],"replies":[{"embeddable":true,"href":"https:\/\/graficolor.hu\/webshop\/wp-json\/wp\/v2\/comments?post=938"}],"version-history":[{"count":2,"href":"https:\/\/graficolor.hu\/webshop\/wp-json\/wp\/v2\/product\/938\/revisions"}],"predecessor-version":[{"id":50017,"href":"https:\/\/graficolor.hu\/webshop\/wp-json\/wp\/v2\/product\/938\/revisions\/50017"}],"wp:featuredmedia":[{"embeddable":true,"href":"https:\/\/graficolor.hu\/webshop\/wp-json\/wp\/v2\/media\/4087"}],"wp:attachment":[{"href":"https:\/\/graficolor.hu\/webshop\/wp-json\/wp\/v2\/media?parent=938"}],"curies":[{"name":"wp","href":"https:\/\/api.w.org\/{rel}","templated":true}]}}