{"id":959,"date":"2015-11-24T05:30:05","date_gmt":"2015-11-24T05:30:05","guid":{"rendered":"http:\/\/graficolor.hu\/webshop\/termek\/jetstamp-790-mp\/"},"modified":"2017-09-04T06:32:52","modified_gmt":"2017-09-04T04:32:52","slug":"jetstamp-790-mp","status":"publish","type":"product","link":"https:\/\/graficolor.hu\/webshop\/termek\/jetstamp-790-mp\/","title":{"rendered":"JetStamp 790 MP"},"content":{"rendered":"[contact-form][contact-field label=&#8221;N\u00e9v&#8221; type=&#8221;name&#8221;  required=&#8221;true&#8221; \/][contact-field label=&#8221;Email&#8221; type=&#8221;email&#8221; required=&#8221;true&#8221; \/][contact-field label=&#8221;Honlap&#8221; type=&#8221;url&#8221; \/][contact-field label=&#8221;\u00dczenet&#8221; type=&#8221;textarea&#8221; \/][\/contact-form]Ez az elektromos b\u00e9lyegz\u0151 tartalmaz d\u00e1tumot, sorsz\u00e1mot, pontos id\u0151t \u00e9s sz\u00f6veget egy vagy k\u00e9t sorban. A speci\u00e1lis fest\u00e9k miatt nem sz\u00edv\u00f3 fel\u00fcleteken (pl. f\u00e9m) is t\u00f6k\u00e9letesen haszn\u00e1lhat\u00f3. Akkumul\u00e1torral m\u0171k\u00f6dtethet\u0151 a k\u00e9sz\u00fcl\u00e9k.<\/p>\n<p><span style=\"text-decoration: underline;\"><span style=\"color: #ff0000;\"><strong>K\u00e9rje egyedi \u00e1raj\u00e1nlatunkat!<br \/>\n<\/strong><\/span><\/span><\/p>\n[vfb id=&#8217;8&#8242;]\n","protected":false},"excerpt":{"rendered":"<p>Ez az elektromos b\u00e9lyegz\u0151 tartalmaz d\u00e1tumot, sorsz\u00e1mot, pontos id\u0151t \u00e9s sz\u00f6veget egy vagy k\u00e9t sorban. A speci\u00e1lis fest\u00e9k miatt nem sz\u00edv\u00f3 fel\u00fcleteken (pl. f\u00e9m) is t\u00f6k\u00e9letesen haszn\u00e1lhat\u00f3. Akkumul\u00e1torral m\u0171k\u00f6dtethet\u0151 a k\u00e9sz\u00fcl\u00e9k.<\/p>\n<p><span style=\"text-decoration: underline;\"><span style=\"color: #ff0000;\"><strong>K\u00e9rje egyedi \u00e1raj\u00e1nlatunkat!<br \/>\n<\/strong><\/span><\/span><\/p>\n<p>[vfb id=&#039;8&#039;]<\/p>\n","protected":false},"featured_media":3983,"comment_status":"closed","ping_status":"closed","template":"","meta":[],"_links":{"self":[{"href":"https:\/\/graficolor.hu\/webshop\/wp-json\/wp\/v2\/product\/959"}],"collection":[{"href":"https:\/\/graficolor.hu\/webshop\/wp-json\/wp\/v2\/product"}],"about":[{"href":"https:\/\/graficolor.hu\/webshop\/wp-json\/wp\/v2\/types\/product"}],"replies":[{"embeddable":true,"href":"https:\/\/graficolor.hu\/webshop\/wp-json\/wp\/v2\/comments?post=959"}],"version-history":[{"count":0,"href":"https:\/\/graficolor.hu\/webshop\/wp-json\/wp\/v2\/product\/959\/revisions"}],"wp:featuredmedia":[{"embeddable":true,"href":"https:\/\/graficolor.hu\/webshop\/wp-json\/wp\/v2\/media\/3983"}],"wp:attachment":[{"href":"https:\/\/graficolor.hu\/webshop\/wp-json\/wp\/v2\/media?parent=959"}],"curies":[{"name":"wp","href":"https:\/\/api.w.org\/{rel}","templated":true}]}}