{"id":962,"date":"2015-11-24T05:30:05","date_gmt":"2015-11-24T05:30:05","guid":{"rendered":"http:\/\/graficolor.hu\/webshop\/termek\/jetstamp-graphic-970-mp\/"},"modified":"2017-09-04T06:34:25","modified_gmt":"2017-09-04T04:34:25","slug":"jetstamp-graphic-970-mp","status":"publish","type":"product","link":"https:\/\/graficolor.hu\/webshop\/termek\/jetstamp-graphic-970-mp\/","title":{"rendered":"JETSTAMP GRAPHIC 970 MP"},"content":{"rendered":"<p>4 f\u00e9le k\u00e9pi lenyomat programozhat\u00f3 be a b\u00e9lyegz\u0151n, melyet miut\u00e1n sz\u00e1m\u00edt\u00f3g\u00e9pen megszerkesztett\u00fcnk USB vagy bluetooth seg\u00edts\u00e9g\u00e9vel tudjuk a k\u00e9sz\u00fcl\u00e9kre import\u00e1lni. Ezenk\u00edv\u00fcl sz\u00e1m, d\u00e1tum, id\u0151, sz\u00f6veg, grafika \u00e9s vonalk\u00f3d is alkalmas. Lenyomat m\u00e9rete: max. 65*12,7 mm Tartoz\u00e9kok: adapter, szoftver (egyedi lenyomat k\u00e9sz\u00edt\u00e9s\u00e9hez), USB k\u00e1bel, fest\u00e9kpatron, 3 db akkumul\u00e1tor Egyenletlen fel\u00fcletre is kiv\u00e1l\u00f3an alkalmas.<\/p>\n<p><span style=\"text-decoration: underline;\"><span style=\"color: #ff0000;\"><strong>K\u00e9rje egyedi \u00e1raj\u00e1nlatunkat!<br \/>\n<\/strong><\/span><\/span><\/p>\n[vfb id=&#8217;8&#8242;]\n<p>&nbsp;<\/p>\n<p>&nbsp;<\/p>\n","protected":false},"excerpt":{"rendered":"<p>4 f\u00e9le k\u00e9pi lenyomat programozhat\u00f3 be a b\u00e9lyegz\u0151n, melyet miut\u00e1n sz\u00e1m\u00edt\u00f3g\u00e9pen megszerkesztett\u00fcnk USB vagy bluetooth seg\u00edts\u00e9g\u00e9vel tudjuk a k\u00e9sz\u00fcl\u00e9kre import\u00e1lni. Ezenk\u00edv\u00fcl sz\u00e1m, d\u00e1tum, id\u0151, sz\u00f6veg, grafika \u00e9s vonalk\u00f3d is alkalmas. Lenyomat m\u00e9rete: max. 65*12,7 mm Tartoz\u00e9kok: adapter, szoftver (egyedi lenyomat k\u00e9sz\u00edt\u00e9s\u00e9hez), USB k\u00e1bel, fest\u00e9kpatron, 3 db akkumul\u00e1tor Egyenletlen fel\u00fcletre is kiv\u00e1l\u00f3an alkalmas.<\/p>\n<p><span style=\"text-decoration: underline;\"><span style=\"color: #ff0000;\"><strong>K\u00e9rje egyedi \u00e1raj\u00e1nlatunkat!<br \/>\n<\/strong><\/span><\/span><\/p>\n<p>[vfb id=&#039;8&#039;]<\/p>\n<p>&nbsp;<\/p>\n","protected":false},"featured_media":3986,"comment_status":"closed","ping_status":"closed","template":"","meta":[],"_links":{"self":[{"href":"https:\/\/graficolor.hu\/webshop\/wp-json\/wp\/v2\/product\/962"}],"collection":[{"href":"https:\/\/graficolor.hu\/webshop\/wp-json\/wp\/v2\/product"}],"about":[{"href":"https:\/\/graficolor.hu\/webshop\/wp-json\/wp\/v2\/types\/product"}],"replies":[{"embeddable":true,"href":"https:\/\/graficolor.hu\/webshop\/wp-json\/wp\/v2\/comments?post=962"}],"version-history":[{"count":0,"href":"https:\/\/graficolor.hu\/webshop\/wp-json\/wp\/v2\/product\/962\/revisions"}],"wp:featuredmedia":[{"embeddable":true,"href":"https:\/\/graficolor.hu\/webshop\/wp-json\/wp\/v2\/media\/3986"}],"wp:attachment":[{"href":"https:\/\/graficolor.hu\/webshop\/wp-json\/wp\/v2\/media?parent=962"}],"curies":[{"name":"wp","href":"https:\/\/api.w.org\/{rel}","templated":true}]}}