{"id":965,"date":"2015-11-24T05:30:07","date_gmt":"2015-11-24T05:30:07","guid":{"rendered":"http:\/\/graficolor.hu\/webshop\/termek\/n-111-50-ml\/"},"modified":"2025-01-15T14:33:02","modified_gmt":"2025-01-15T13:33:02","slug":"n-111-50-ml","status":"publish","type":"product","link":"https:\/\/graficolor.hu\/webshop\/termek\/n-111-50-ml\/","title":{"rendered":"N 111 &#8211; 50 ml"},"content":{"rendered":"<p>H\u00fas b\u00e9lyegz\u00e9s\u00e9re aj\u00e1nlott b\u00e9lyegz\u0151fest\u00e9k, mely az EU szab\u00e1lyainak megfelel.<\/p>\n<p>Aj\u00e1nlott b\u00e9lyegz\u0151p\u00e1rn\u00e1k: COLOP Micro 1, 2, 3 vagy \u00f6nfest\u00e9kez\u0151 b\u00e9lyegz\u0151 blanco cserep\u00e1rn\u00e1ja<\/p>\n<p>Alkalmazhat\u00f3 b\u00e9lyegz\u0151lemez anyagok: l\u00e9zergumi<\/p>\n<p>Nagyobb kiszerel\u00e9sre k\u00e9rje aj\u00e1nlatunkat!<\/p>\n<p>Sz\u00ednek: fekete, k\u00e9k, lila, piros, z\u00f6ld, barna<\/p>\n","protected":false},"excerpt":{"rendered":"<p>H\u00fas b\u00e9lyegz\u00e9s\u00e9re aj\u00e1nlott b\u00e9lyegz\u0151fest\u00e9k, mely az EU szab\u00e1lyainak megfelel. Aj\u00e1nlott b\u00e9lyegz\u0151p\u00e1rn\u00e1k: COLOP Micro 1, 2, 3 vagy \u00f6nfest\u00e9kez\u0151 b\u00e9lyegz\u0151 blanco cserep\u00e1rn\u00e1ja Alkalmazhat\u00f3 b\u00e9lyegz\u0151lemez anyagok: l\u00e9zergumi Nagyobb kiszerel\u00e9sre k\u00e9rje aj\u00e1nlatunkat! Sz\u00ednek: fekete, k\u00e9k, lila, piros, z\u00f6ld, barna<\/p>\n","protected":false},"featured_media":4336,"comment_status":"closed","ping_status":"closed","template":"","meta":[],"_links":{"self":[{"href":"https:\/\/graficolor.hu\/webshop\/wp-json\/wp\/v2\/product\/965"}],"collection":[{"href":"https:\/\/graficolor.hu\/webshop\/wp-json\/wp\/v2\/product"}],"about":[{"href":"https:\/\/graficolor.hu\/webshop\/wp-json\/wp\/v2\/types\/product"}],"replies":[{"embeddable":true,"href":"https:\/\/graficolor.hu\/webshop\/wp-json\/wp\/v2\/comments?post=965"}],"version-history":[{"count":1,"href":"https:\/\/graficolor.hu\/webshop\/wp-json\/wp\/v2\/product\/965\/revisions"}],"predecessor-version":[{"id":49621,"href":"https:\/\/graficolor.hu\/webshop\/wp-json\/wp\/v2\/product\/965\/revisions\/49621"}],"wp:featuredmedia":[{"embeddable":true,"href":"https:\/\/graficolor.hu\/webshop\/wp-json\/wp\/v2\/media\/4336"}],"wp:attachment":[{"href":"https:\/\/graficolor.hu\/webshop\/wp-json\/wp\/v2\/media?parent=965"}],"curies":[{"name":"wp","href":"https:\/\/api.w.org\/{rel}","templated":true}]}}