{"id":966,"date":"2015-11-24T05:30:07","date_gmt":"2015-11-24T04:30:07","guid":{"rendered":"http:\/\/graficolor.hu\/webshop\/termek\/n-119-50-ml\/"},"modified":"2025-01-15T14:33:33","modified_gmt":"2025-01-15T13:33:33","slug":"n-119-50-ml","status":"publish","type":"product","link":"https:\/\/graficolor.hu\/webshop\/termek\/n-119-50-ml\/","title":{"rendered":"N 119 &#8211; 50 ml"},"content":{"rendered":"<p>\u00c9lelmiszerek csomagol\u00e1s\u00e1nak (melyek nem sz\u00edv\u00f3 anyagb\u00f3l k\u00e9sz\u00fclnek) b\u00e9lyegz\u00e9s\u00e9re alkalmas gyorsan sz\u00e1rad\u00f3 fest\u00e9k. Az EU szab\u00e1lyainak megfelel.<\/p>\n<p>Aj\u00e1nlott b\u00e9lyegz\u0151p\u00e1rn\u00e1k: K 2 filcbet\u00e9tes p\u00e1rna<\/p>\n<p>Alkalmazhat\u00f3 b\u00e9lyegz\u0151lemez anyagok: l\u00e9zergumi<\/p>\n<p>Old\u00f3- \u00e9s tiszt\u00edt\u00f3szerek: N 119RM<\/p>\n<p>Nagyobb kiszerel\u00e9sre k\u00e9rje aj\u00e1nlatunkat!<\/p>\n<p>Sz\u00ednek: fekete, piros, z\u00f6ld<\/p>\n","protected":false},"excerpt":{"rendered":"<p>\u00c9lelmiszerek csomagol\u00e1s\u00e1nak (melyek nem sz\u00edv\u00f3 anyagb\u00f3l k\u00e9sz\u00fclnek) b\u00e9lyegz\u00e9s\u00e9re alkalmas gyorsan sz\u00e1rad\u00f3 fest\u00e9k. Az EU szab\u00e1lyainak megfelel. Aj\u00e1nlott b\u00e9lyegz\u0151p\u00e1rn\u00e1k: K 2 filcbet\u00e9tes p\u00e1rna Alkalmazhat\u00f3 b\u00e9lyegz\u0151lemez anyagok: l\u00e9zergumi Old\u00f3- \u00e9s tiszt\u00edt\u00f3szerek: N 119RM Nagyobb kiszerel\u00e9sre k\u00e9rje aj\u00e1nlatunkat! Sz\u00ednek: fekete, piros, z\u00f6ld<\/p>\n","protected":false},"featured_media":4343,"comment_status":"closed","ping_status":"closed","template":"","meta":[],"_links":{"self":[{"href":"https:\/\/graficolor.hu\/webshop\/wp-json\/wp\/v2\/product\/966"}],"collection":[{"href":"https:\/\/graficolor.hu\/webshop\/wp-json\/wp\/v2\/product"}],"about":[{"href":"https:\/\/graficolor.hu\/webshop\/wp-json\/wp\/v2\/types\/product"}],"replies":[{"embeddable":true,"href":"https:\/\/graficolor.hu\/webshop\/wp-json\/wp\/v2\/comments?post=966"}],"version-history":[{"count":1,"href":"https:\/\/graficolor.hu\/webshop\/wp-json\/wp\/v2\/product\/966\/revisions"}],"predecessor-version":[{"id":49623,"href":"https:\/\/graficolor.hu\/webshop\/wp-json\/wp\/v2\/product\/966\/revisions\/49623"}],"wp:featuredmedia":[{"embeddable":true,"href":"https:\/\/graficolor.hu\/webshop\/wp-json\/wp\/v2\/media\/4343"}],"wp:attachment":[{"href":"https:\/\/graficolor.hu\/webshop\/wp-json\/wp\/v2\/media?parent=966"}],"curies":[{"name":"wp","href":"https:\/\/api.w.org\/{rel}","templated":true}]}}