{"id":967,"date":"2015-11-24T05:30:07","date_gmt":"2015-11-24T05:30:07","guid":{"rendered":"http:\/\/graficolor.hu\/webshop\/termek\/n-170-100-ml\/"},"modified":"2025-01-15T14:34:06","modified_gmt":"2025-01-15T13:34:06","slug":"n-170-100-ml","status":"publish","type":"product","link":"https:\/\/graficolor.hu\/webshop\/termek\/n-170-100-ml\/","title":{"rendered":"N 170 &#8211; 100 ml"},"content":{"rendered":"<p>Toj\u00e1s b\u00e9lyegz\u00e9s\u00e9re aj\u00e1nlott b\u00e9lyegz\u0151fest\u00e9k, mely az EU szab\u00e1lyainak megfelel.<\/p>\n<p>Aj\u00e1nlott b\u00e9lyegz\u0151p\u00e1rn\u00e1k: COLOP Micro 2, 3<\/p>\n<p>Alkalmazhat\u00f3 b\u00e9lyegz\u0151lemez anyagok: f\u00e9m<\/p>\n<p>Nagyobb kiszerel\u00e9sre k\u00e9rje aj\u00e1nlatunkat!<\/p>\n<p>Sz\u00ednek: k\u00e9k, piros, barna<\/p>\n","protected":false},"excerpt":{"rendered":"<p>Toj\u00e1s b\u00e9lyegz\u00e9s\u00e9re aj\u00e1nlott b\u00e9lyegz\u0151fest\u00e9k, mely az EU szab\u00e1lyainak megfelel. Aj\u00e1nlott b\u00e9lyegz\u0151p\u00e1rn\u00e1k: COLOP Micro 2, 3 Alkalmazhat\u00f3 b\u00e9lyegz\u0151lemez anyagok: f\u00e9m Nagyobb kiszerel\u00e9sre k\u00e9rje aj\u00e1nlatunkat! Sz\u00ednek: k\u00e9k, piros, barna<\/p>\n","protected":false},"featured_media":4348,"comment_status":"closed","ping_status":"closed","template":"","meta":[],"_links":{"self":[{"href":"https:\/\/graficolor.hu\/webshop\/wp-json\/wp\/v2\/product\/967"}],"collection":[{"href":"https:\/\/graficolor.hu\/webshop\/wp-json\/wp\/v2\/product"}],"about":[{"href":"https:\/\/graficolor.hu\/webshop\/wp-json\/wp\/v2\/types\/product"}],"replies":[{"embeddable":true,"href":"https:\/\/graficolor.hu\/webshop\/wp-json\/wp\/v2\/comments?post=967"}],"version-history":[{"count":2,"href":"https:\/\/graficolor.hu\/webshop\/wp-json\/wp\/v2\/product\/967\/revisions"}],"predecessor-version":[{"id":49625,"href":"https:\/\/graficolor.hu\/webshop\/wp-json\/wp\/v2\/product\/967\/revisions\/49625"}],"wp:featuredmedia":[{"embeddable":true,"href":"https:\/\/graficolor.hu\/webshop\/wp-json\/wp\/v2\/media\/4348"}],"wp:attachment":[{"href":"https:\/\/graficolor.hu\/webshop\/wp-json\/wp\/v2\/media?parent=967"}],"curies":[{"name":"wp","href":"https:\/\/api.w.org\/{rel}","templated":true}]}}