{"id":968,"date":"2015-11-24T05:30:07","date_gmt":"2015-11-24T04:30:07","guid":{"rendered":"http:\/\/graficolor.hu\/webshop\/termek\/n-992-50-ml\/"},"modified":"2025-01-15T14:34:26","modified_gmt":"2025-01-15T13:34:26","slug":"n-992-50-ml","status":"publish","type":"product","link":"https:\/\/graficolor.hu\/webshop\/termek\/n-992-50-ml\/","title":{"rendered":"N 992 &#8211; 50 ml"},"content":{"rendered":"<p>Gyorsfagyasztott \u00e9lelmiszerek csomagol\u00e1s\u00e1nak b\u00e9lyegz\u00e9s\u00e9re alkalmas gyorsan sz\u00e1rad\u00f3 fest\u00e9k, mely kiv\u00e1l\u00f3 f\u00e9ny \u00e9s v\u00edz\u00e1ll\u00f3 tulajdons\u00e1g\u00fa.<\/p>\n<p>Aj\u00e1nlott b\u00e9lyegz\u0151p\u00e1rn\u00e1k: K 2 filcbet\u00e9tes p\u00e1rna<\/p>\n<p>Alkalmazhat\u00f3 b\u00e9lyegz\u0151lemez anyagok: l\u00e9zergumi<\/p>\n<p>Old\u00f3- \u00e9s tiszt\u00edt\u00f3szerek: N 992RM<\/p>\n<p>Nagyobb kiszerel\u00e9sre k\u00e9rje aj\u00e1nlatunkat!<\/p>\n<p>Sz\u00ednek: fekete<\/p>\n","protected":false},"excerpt":{"rendered":"<p>Gyorsfagyasztott \u00e9lelmiszerek csomagol\u00e1s\u00e1nak b\u00e9lyegz\u00e9s\u00e9re alkalmas gyorsan sz\u00e1rad\u00f3 fest\u00e9k, mely kiv\u00e1l\u00f3 f\u00e9ny \u00e9s v\u00edz\u00e1ll\u00f3 tulajdons\u00e1g\u00fa. Aj\u00e1nlott b\u00e9lyegz\u0151p\u00e1rn\u00e1k: K 2 filcbet\u00e9tes p\u00e1rna Alkalmazhat\u00f3 b\u00e9lyegz\u0151lemez anyagok: l\u00e9zergumi Old\u00f3- \u00e9s tiszt\u00edt\u00f3szerek: N 992RM Nagyobb kiszerel\u00e9sre k\u00e9rje aj\u00e1nlatunkat! Sz\u00ednek: fekete<\/p>\n","protected":false},"featured_media":4350,"comment_status":"closed","ping_status":"closed","template":"","meta":[],"_links":{"self":[{"href":"https:\/\/graficolor.hu\/webshop\/wp-json\/wp\/v2\/product\/968"}],"collection":[{"href":"https:\/\/graficolor.hu\/webshop\/wp-json\/wp\/v2\/product"}],"about":[{"href":"https:\/\/graficolor.hu\/webshop\/wp-json\/wp\/v2\/types\/product"}],"replies":[{"embeddable":true,"href":"https:\/\/graficolor.hu\/webshop\/wp-json\/wp\/v2\/comments?post=968"}],"version-history":[{"count":1,"href":"https:\/\/graficolor.hu\/webshop\/wp-json\/wp\/v2\/product\/968\/revisions"}],"predecessor-version":[{"id":49571,"href":"https:\/\/graficolor.hu\/webshop\/wp-json\/wp\/v2\/product\/968\/revisions\/49571"}],"wp:featuredmedia":[{"embeddable":true,"href":"https:\/\/graficolor.hu\/webshop\/wp-json\/wp\/v2\/media\/4350"}],"wp:attachment":[{"href":"https:\/\/graficolor.hu\/webshop\/wp-json\/wp\/v2\/media?parent=968"}],"curies":[{"name":"wp","href":"https:\/\/api.w.org\/{rel}","templated":true}]}}