{"id":972,"date":"2015-11-24T05:30:07","date_gmt":"2015-11-24T04:30:07","guid":{"rendered":"http:\/\/graficolor.hu\/webshop\/termek\/fenykepes-puzzle-a4\/"},"modified":"2025-02-03T11:15:13","modified_gmt":"2025-02-03T10:15:13","slug":"fenykepes-puzzle-a4","status":"publish","type":"product","link":"https:\/\/graficolor.hu\/webshop\/termek\/fenykepes-puzzle-a4\/","title":{"rendered":"F\u00e9nyk\u00e9pes puzzle A\/4"},"content":{"rendered":"<p>Kit\u0171n\u0151 sz\u00f3rakoz\u00e1s a csal\u00e1dnak est\u00e9nk\u00e9nt, n\u00e1szaj\u00e1nd\u00e9kba tr\u00e9fak\u00e9nt, \u00e9vfordul\u00f3ra egy sz\u00e9p eml\u00e9ket meg\u00f6r\u00f6k\u00edtve az egyedi f\u00e9nyk\u00e9pes kirak\u00f3. <strong>A rendel\u00e9st meger\u0151s\u00edt\u0151 e-mailre k\u00e9rj\u00fck, k\u00fcldje el v\u00e1laszlev\u00e9lben a k\u00edv\u00e1nt k\u00e9pet \u00e9s\/vagy sz\u00f6veget.<\/strong><\/p>\n","protected":false},"excerpt":{"rendered":"<p>Kit\u0171n\u0151 sz\u00f3rakoz\u00e1s a csal\u00e1dnak est\u00e9nk\u00e9nt, n\u00e1szaj\u00e1nd\u00e9kba tr\u00e9fak\u00e9nt, \u00e9vfordul\u00f3ra egy sz\u00e9p eml\u00e9ket meg\u00f6r\u00f6k\u00edtve az egyedi f\u00e9nyk\u00e9pes kirak\u00f3. <strong>A rendel\u00e9st meger\u0151s\u00edt\u0151 e-mailre k\u00e9rj\u00fck, k\u00fcldje el v\u00e1laszlev\u00e9lben a k\u00edv\u00e1nt k\u00e9pet \u00e9s\/vagy sz\u00f6veget.<\/strong><\/p>\n","protected":false},"featured_media":34406,"comment_status":"closed","ping_status":"closed","template":"","meta":[],"_links":{"self":[{"href":"https:\/\/graficolor.hu\/webshop\/wp-json\/wp\/v2\/product\/972"}],"collection":[{"href":"https:\/\/graficolor.hu\/webshop\/wp-json\/wp\/v2\/product"}],"about":[{"href":"https:\/\/graficolor.hu\/webshop\/wp-json\/wp\/v2\/types\/product"}],"replies":[{"embeddable":true,"href":"https:\/\/graficolor.hu\/webshop\/wp-json\/wp\/v2\/comments?post=972"}],"version-history":[{"count":1,"href":"https:\/\/graficolor.hu\/webshop\/wp-json\/wp\/v2\/product\/972\/revisions"}],"predecessor-version":[{"id":49875,"href":"https:\/\/graficolor.hu\/webshop\/wp-json\/wp\/v2\/product\/972\/revisions\/49875"}],"wp:featuredmedia":[{"embeddable":true,"href":"https:\/\/graficolor.hu\/webshop\/wp-json\/wp\/v2\/media\/34406"}],"wp:attachment":[{"href":"https:\/\/graficolor.hu\/webshop\/wp-json\/wp\/v2\/media?parent=972"}],"curies":[{"name":"wp","href":"https:\/\/api.w.org\/{rel}","templated":true}]}}