{"id":976,"date":"2015-11-24T05:30:07","date_gmt":"2015-11-24T05:30:07","guid":{"rendered":"http:\/\/graficolor.hu\/webshop\/termek\/fenykepes-konyvjelzo-kicsi\/"},"modified":"2022-08-30T11:00:44","modified_gmt":"2022-08-30T09:00:44","slug":"fenykepes-konyvjelzo-kicsi","status":"publish","type":"product","link":"https:\/\/graficolor.hu\/webshop\/termek\/fenykepes-konyvjelzo-kicsi\/","title":{"rendered":"F\u00e9nyk\u00e9pes k\u00f6nyvjelz\u0151 kicsi"},"content":{"rendered":"<p>Szuper aj\u00e1nd\u00e9k k\u00f6nyvkedvel\u0151knek. A k\u00f6nyvjelz\u0151 alapanyaga alum\u00ednium, fot\u00f3t, log\u00f3t vagy sz\u00f6veget lehet az elej\u00e9re szerkeszteni, melynek alapsz\u00edne feh\u00e9r, a h\u00e1toldala csiszolt f\u00e9m sz\u00edn\u0171.\u00a0A cs\u00edptet\u0151s megold\u00e1s gondoskodik arr\u00f3l, hogy ne cs\u00fasszon ki a k\u00f6nyvb\u0151l a k\u00f6nyvjelz\u0151. <strong>A rendel\u00e9st meger\u0151s\u00edt\u0151 e-mailre k\u00e9rj\u00fck, k\u00fcldje el v\u00e1laszlev\u00e9lben a k\u00edv\u00e1nt k\u00e9pet \u00e9s\/vagy sz\u00f6veget.<\/strong><\/p>\n","protected":false},"excerpt":{"rendered":"<p>Szuper aj\u00e1nd\u00e9k k\u00f6nyvkedvel\u0151knek. A k\u00f6nyvjelz\u0151 alapanyaga alum\u00ednium, fot\u00f3t, log\u00f3t vagy sz\u00f6veget lehet az elej\u00e9re szerkeszteni, melynek alapsz\u00edne feh\u00e9r, a h\u00e1toldala csiszolt f\u00e9m sz\u00edn\u0171.\u00a0A cs\u00edptet\u0151s megold\u00e1s gondoskodik arr\u00f3l, hogy ne cs\u00fasszon ki a k\u00f6nyvb\u0151l a k\u00f6nyvjelz\u0151. <strong>A rendel\u00e9st meger\u0151s\u00edt\u0151 e-mailre k\u00e9rj\u00fck, k\u00fcldje el v\u00e1laszlev\u00e9lben a k\u00edv\u00e1nt k\u00e9pet \u00e9s\/vagy sz\u00f6veget.<\/strong><\/p>\n","protected":false},"featured_media":34409,"comment_status":"closed","ping_status":"closed","template":"","meta":[],"_links":{"self":[{"href":"https:\/\/graficolor.hu\/webshop\/wp-json\/wp\/v2\/product\/976"}],"collection":[{"href":"https:\/\/graficolor.hu\/webshop\/wp-json\/wp\/v2\/product"}],"about":[{"href":"https:\/\/graficolor.hu\/webshop\/wp-json\/wp\/v2\/types\/product"}],"replies":[{"embeddable":true,"href":"https:\/\/graficolor.hu\/webshop\/wp-json\/wp\/v2\/comments?post=976"}],"version-history":[{"count":1,"href":"https:\/\/graficolor.hu\/webshop\/wp-json\/wp\/v2\/product\/976\/revisions"}],"predecessor-version":[{"id":49481,"href":"https:\/\/graficolor.hu\/webshop\/wp-json\/wp\/v2\/product\/976\/revisions\/49481"}],"wp:featuredmedia":[{"embeddable":true,"href":"https:\/\/graficolor.hu\/webshop\/wp-json\/wp\/v2\/media\/34409"}],"wp:attachment":[{"href":"https:\/\/graficolor.hu\/webshop\/wp-json\/wp\/v2\/media?parent=976"}],"curies":[{"name":"wp","href":"https:\/\/api.w.org\/{rel}","templated":true}]}}