{"id":986,"date":"2015-11-24T05:30:09","date_gmt":"2015-11-24T05:30:09","guid":{"rendered":"http:\/\/graficolor.hu\/webshop\/termek\/809-25-ml-gyorsan-szarado-festek\/"},"modified":"2025-01-15T14:27:20","modified_gmt":"2025-01-15T13:27:20","slug":"809-25-ml-gyorsan-szarado-festek","status":"publish","type":"product","link":"https:\/\/graficolor.hu\/webshop\/termek\/809-25-ml-gyorsan-szarado-festek\/","title":{"rendered":"809 &#8211; 25 ml gyorsan sz\u00e1rad\u00f3 fest\u00e9k"},"content":{"rendered":"<p>Ez a gyorsan sz\u00e1rad\u00f3 fest\u00e9k nem min\u0151s\u00fcl vesz\u00e9lyes \u00e1runak, emiatt praktikusabb v\u00e1laszt\u00e1s minden szempontb\u00f3l, mint az ipari fest\u00e9kek. Tulajdons\u00e1gai: extra hossz\u00fa \u00e9lettartam\u00fa, az EOS b\u00e9lyegz\u0151ket egyszer\u0171en lehet fest\u00e9kezni a seg\u00edts\u00e9g\u00e9vel old\u00f3szer haszn\u00e1lata n\u00e9lk\u00fcl, nem sz\u00fcks\u00e9ges hozz\u00e1 filcp\u00e1rna, mindegyik l\u00e9zergumival haszn\u00e1lhat\u00f3, kiv\u00e1l\u00f3an fed \u00e9s a lenyomata \u00e9les, tiszta A POLIMERES B\u00c9LYEGZ\u0150GUMIKKAL A 809-ES B\u00c9LYEGZ\u0150FEST\u00c9K NEM HASZN\u00c1LHAT\u00d3! Sz\u00ednek: fekete, k\u00e9k, piros<\/p>\n","protected":false},"excerpt":{"rendered":"<p>Ez a gyorsan sz\u00e1rad\u00f3 fest\u00e9k nem min\u0151s\u00fcl vesz\u00e9lyes \u00e1runak, emiatt praktikusabb v\u00e1laszt\u00e1s minden szempontb\u00f3l, mint az ipari fest\u00e9kek. Tulajdons\u00e1gai: extra hossz\u00fa \u00e9lettartam\u00fa, az EOS b\u00e9lyegz\u0151ket egyszer\u0171en lehet fest\u00e9kezni a seg\u00edts\u00e9g\u00e9vel old\u00f3szer haszn\u00e1lata n\u00e9lk\u00fcl, nem sz\u00fcks\u00e9ges hozz\u00e1 filcp\u00e1rna, mindegyik l\u00e9zergumival haszn\u00e1lhat\u00f3, kiv\u00e1l\u00f3an fed \u00e9s a lenyomata \u00e9les, tiszta A POLIMERES B\u00c9LYEGZ\u0150GUMIKKAL A 809-ES B\u00c9LYEGZ\u0150FEST\u00c9K NEM HASZN\u00c1LHAT\u00d3! [&hellip;]<\/p>\n","protected":false},"featured_media":4363,"comment_status":"closed","ping_status":"closed","template":"","meta":[],"_links":{"self":[{"href":"https:\/\/graficolor.hu\/webshop\/wp-json\/wp\/v2\/product\/986"}],"collection":[{"href":"https:\/\/graficolor.hu\/webshop\/wp-json\/wp\/v2\/product"}],"about":[{"href":"https:\/\/graficolor.hu\/webshop\/wp-json\/wp\/v2\/types\/product"}],"replies":[{"embeddable":true,"href":"https:\/\/graficolor.hu\/webshop\/wp-json\/wp\/v2\/comments?post=986"}],"version-history":[{"count":1,"href":"https:\/\/graficolor.hu\/webshop\/wp-json\/wp\/v2\/product\/986\/revisions"}],"predecessor-version":[{"id":49611,"href":"https:\/\/graficolor.hu\/webshop\/wp-json\/wp\/v2\/product\/986\/revisions\/49611"}],"wp:featuredmedia":[{"embeddable":true,"href":"https:\/\/graficolor.hu\/webshop\/wp-json\/wp\/v2\/media\/4363"}],"wp:attachment":[{"href":"https:\/\/graficolor.hu\/webshop\/wp-json\/wp\/v2\/media?parent=986"}],"curies":[{"name":"wp","href":"https:\/\/api.w.org\/{rel}","templated":true}]}}