{"id":987,"date":"2015-11-24T05:30:09","date_gmt":"2015-11-24T05:30:09","guid":{"rendered":"http:\/\/graficolor.hu\/webshop\/termek\/n-130-50-mlstandard-szinek\/"},"modified":"2025-01-15T14:27:55","modified_gmt":"2025-01-15T13:27:55","slug":"n-130-50-mlstandard-szinek","status":"publish","type":"product","link":"https:\/\/graficolor.hu\/webshop\/termek\/n-130-50-mlstandard-szinek\/","title":{"rendered":"N 130 &#8211; 50 ml\/standard sz\u00ednek"},"content":{"rendered":"<p>Ezt a gyorsan sz\u00e1rad\u00f3 fest\u00e9ket els\u0151sorban f\u00e9m fel\u00fcletekre, ezek k\u00f6z\u00f6tt is ac\u00e9l-, vas- \u00e9s r\u00e9z lemezekre.<\/p>\n<p>Aj\u00e1nlott b\u00e9lyegz\u0151p\u00e1rna: K2 filcbet\u00e9tes p\u00e1rna<\/p>\n<p>Alkalmazhat\u00f3 sz\u00f6veglemez anyag: l\u00e9zergumi<\/p>\n<p>Old\u00f3- \u00e9s tiszt\u00edt\u00f3szer: N 130 RM<\/p>\n<p>Nagyobb kiszerel\u00e9sre k\u00e9rje aj\u00e1nlatunkat!<\/p>\n<p>Sz\u00ednek: fekete, k\u00e9k, lila, piros, z\u00f6ld<\/p>\n","protected":false},"excerpt":{"rendered":"<p>Ezt a gyorsan sz\u00e1rad\u00f3 fest\u00e9ket els\u0151sorban f\u00e9m fel\u00fcletekre, ezek k\u00f6z\u00f6tt is ac\u00e9l-, vas- \u00e9s r\u00e9z lemezekre. Aj\u00e1nlott b\u00e9lyegz\u0151p\u00e1rna: K2 filcbet\u00e9tes p\u00e1rna Alkalmazhat\u00f3 sz\u00f6veglemez anyag: l\u00e9zergumi Old\u00f3- \u00e9s tiszt\u00edt\u00f3szer: N 130 RM Nagyobb kiszerel\u00e9sre k\u00e9rje aj\u00e1nlatunkat! Sz\u00ednek: fekete, k\u00e9k, lila, piros, z\u00f6ld<\/p>\n","protected":false},"featured_media":4353,"comment_status":"closed","ping_status":"closed","template":"","meta":[],"_links":{"self":[{"href":"https:\/\/graficolor.hu\/webshop\/wp-json\/wp\/v2\/product\/987"}],"collection":[{"href":"https:\/\/graficolor.hu\/webshop\/wp-json\/wp\/v2\/product"}],"about":[{"href":"https:\/\/graficolor.hu\/webshop\/wp-json\/wp\/v2\/types\/product"}],"replies":[{"embeddable":true,"href":"https:\/\/graficolor.hu\/webshop\/wp-json\/wp\/v2\/comments?post=987"}],"version-history":[{"count":1,"href":"https:\/\/graficolor.hu\/webshop\/wp-json\/wp\/v2\/product\/987\/revisions"}],"predecessor-version":[{"id":49612,"href":"https:\/\/graficolor.hu\/webshop\/wp-json\/wp\/v2\/product\/987\/revisions\/49612"}],"wp:featuredmedia":[{"embeddable":true,"href":"https:\/\/graficolor.hu\/webshop\/wp-json\/wp\/v2\/media\/4353"}],"wp:attachment":[{"href":"https:\/\/graficolor.hu\/webshop\/wp-json\/wp\/v2\/media?parent=987"}],"curies":[{"name":"wp","href":"https:\/\/api.w.org\/{rel}","templated":true}]}}