{"id":988,"date":"2015-11-24T05:30:09","date_gmt":"2015-11-24T04:30:09","guid":{"rendered":"http:\/\/graficolor.hu\/webshop\/termek\/n-130-50-mlvilagos-szinek\/"},"modified":"2025-01-15T14:28:20","modified_gmt":"2025-01-15T13:28:20","slug":"n-130-50-mlvilagos-szinek","status":"publish","type":"product","link":"https:\/\/graficolor.hu\/webshop\/termek\/n-130-50-mlvilagos-szinek\/","title":{"rendered":"N 130 &#8211; 50 ml\/vil\u00e1gos sz\u00ednek"},"content":{"rendered":"<p>Gyorsan sz\u00e1rad\u00f3 fest\u00e9k f\u00e9m fel\u00fcletek, els\u00f5sorban ac\u00e9l, vas, r\u00e9z lemezek jel\u00f6l\u00e9s\u00e9re.<br \/>\nAj\u00e1nlott b\u00e9lyegz\u00f5p\u00e1rna: K2 filcbet\u00e9tes p\u00e1rna.<br \/>\nAlkalmazhat\u00f3 sz\u00f6veglemez anyag: l\u00e9zergumi.<br \/>\nOld\u00f3- \u00e9s tiszt\u00edt\u00f3szer: N 130RM<br \/>\nNagyobb kiszerel\u00e9sre k\u00e9rje aj\u00e1nlatunkat!<\/p>\n<p><b>Sz\u00ednek:<\/b><br \/>\nfeh\u00e9r<\/p>\n","protected":false},"excerpt":{"rendered":"<p>Gyorsan sz\u00e1rad\u00f3 fest\u00e9k f\u00e9m fel\u00fcletek, els\u00f5sorban ac\u00e9l, vas, r\u00e9z lemezek jel\u00f6l\u00e9s\u00e9re. Aj\u00e1nlott b\u00e9lyegz\u00f5p\u00e1rna: K2 filcbet\u00e9tes p\u00e1rna. Alkalmazhat\u00f3 sz\u00f6veglemez anyag: l\u00e9zergumi. Old\u00f3- \u00e9s tiszt\u00edt\u00f3szer: N 130RM Nagyobb kiszerel\u00e9sre k\u00e9rje aj\u00e1nlatunkat! Sz\u00ednek: feh\u00e9r<\/p>\n","protected":false},"featured_media":0,"comment_status":"closed","ping_status":"closed","template":"","meta":[],"_links":{"self":[{"href":"https:\/\/graficolor.hu\/webshop\/wp-json\/wp\/v2\/product\/988"}],"collection":[{"href":"https:\/\/graficolor.hu\/webshop\/wp-json\/wp\/v2\/product"}],"about":[{"href":"https:\/\/graficolor.hu\/webshop\/wp-json\/wp\/v2\/types\/product"}],"replies":[{"embeddable":true,"href":"https:\/\/graficolor.hu\/webshop\/wp-json\/wp\/v2\/comments?post=988"}],"version-history":[{"count":1,"href":"https:\/\/graficolor.hu\/webshop\/wp-json\/wp\/v2\/product\/988\/revisions"}],"predecessor-version":[{"id":49569,"href":"https:\/\/graficolor.hu\/webshop\/wp-json\/wp\/v2\/product\/988\/revisions\/49569"}],"wp:attachment":[{"href":"https:\/\/graficolor.hu\/webshop\/wp-json\/wp\/v2\/media?parent=988"}],"curies":[{"name":"wp","href":"https:\/\/api.w.org\/{rel}","templated":true}]}}