{"id":989,"date":"2015-11-24T05:30:09","date_gmt":"2015-11-24T05:30:09","guid":{"rendered":"http:\/\/graficolor.hu\/webshop\/termek\/n-191-25-mlstandard-szinek\/"},"modified":"2025-01-15T14:29:07","modified_gmt":"2025-01-15T13:29:07","slug":"n-191-25-mlstandard-szinek","status":"publish","type":"product","link":"https:\/\/graficolor.hu\/webshop\/termek\/n-191-25-mlstandard-szinek\/","title":{"rendered":"N 191 &#8211; 25 ml\/standard sz\u00ednek"},"content":{"rendered":"<p>Ezt a gyorsan sz\u00e1rad\u00f3 fest\u00e9ket \u00f6nfest\u00e9kez\u0151 b\u00e9lyegz\u0151kben is nyugodtan lehet haszn\u00e1lni filcp\u00e1rn\u00e1val. Majdnem az \u00f6sszes nem por\u00f3zus fel\u00fcleten haszn\u00e1lhat\u00f3. Sz\u00e1rad\u00e1s ut\u00e1n ellen\u00e1ll a d\u00f6rzs\u00f6l\u00e9snek \u00e9s a v\u00edz nem oldja. Aj\u00e1nlott b\u00e9lyegz\u0151p\u00e1rna: COLOP filcbet\u00e9tes cserep\u00e1rn\u00e1k, Multipad Alkalmazhat\u00f3 b\u00e9lyegz\u0151lemez anyagok: l\u00e9zergumi, f\u00e9m Old\u00f3- \u00e9s tiszt\u00edt\u00f3szer: N 191 RM Nagyobb kiszerel\u00e9sre k\u00e9rje aj\u00e1nlatunkat! Sz\u00ednek: fekete, k\u00e9k, lila, piros, z\u00f6ld<\/p>\n","protected":false},"excerpt":{"rendered":"<p>Ezt a gyorsan sz\u00e1rad\u00f3 fest\u00e9ket \u00f6nfest\u00e9kez\u0151 b\u00e9lyegz\u0151kben is nyugodtan lehet haszn\u00e1lni filcp\u00e1rn\u00e1val. Majdnem az \u00f6sszes nem por\u00f3zus fel\u00fcleten haszn\u00e1lhat\u00f3. Sz\u00e1rad\u00e1s ut\u00e1n ellen\u00e1ll a d\u00f6rzs\u00f6l\u00e9snek \u00e9s a v\u00edz nem oldja. Aj\u00e1nlott b\u00e9lyegz\u0151p\u00e1rna: COLOP filcbet\u00e9tes cserep\u00e1rn\u00e1k, Multipad Alkalmazhat\u00f3 b\u00e9lyegz\u0151lemez anyagok: l\u00e9zergumi, f\u00e9m Old\u00f3- \u00e9s tiszt\u00edt\u00f3szer: N 191 RM Nagyobb kiszerel\u00e9sre k\u00e9rje aj\u00e1nlatunkat! Sz\u00ednek: fekete, k\u00e9k, lila, piros, [&hellip;]<\/p>\n","protected":false},"featured_media":4354,"comment_status":"closed","ping_status":"closed","template":"","meta":[],"_links":{"self":[{"href":"https:\/\/graficolor.hu\/webshop\/wp-json\/wp\/v2\/product\/989"}],"collection":[{"href":"https:\/\/graficolor.hu\/webshop\/wp-json\/wp\/v2\/product"}],"about":[{"href":"https:\/\/graficolor.hu\/webshop\/wp-json\/wp\/v2\/types\/product"}],"replies":[{"embeddable":true,"href":"https:\/\/graficolor.hu\/webshop\/wp-json\/wp\/v2\/comments?post=989"}],"version-history":[{"count":1,"href":"https:\/\/graficolor.hu\/webshop\/wp-json\/wp\/v2\/product\/989\/revisions"}],"predecessor-version":[{"id":49613,"href":"https:\/\/graficolor.hu\/webshop\/wp-json\/wp\/v2\/product\/989\/revisions\/49613"}],"wp:featuredmedia":[{"embeddable":true,"href":"https:\/\/graficolor.hu\/webshop\/wp-json\/wp\/v2\/media\/4354"}],"wp:attachment":[{"href":"https:\/\/graficolor.hu\/webshop\/wp-json\/wp\/v2\/media?parent=989"}],"curies":[{"name":"wp","href":"https:\/\/api.w.org\/{rel}","templated":true}]}}