{"id":991,"date":"2015-11-24T05:30:09","date_gmt":"2015-11-24T05:30:09","guid":{"rendered":"http:\/\/graficolor.hu\/webshop\/termek\/n-196-50-mlstandard-szinek\/"},"modified":"2025-01-15T14:30:29","modified_gmt":"2025-01-15T13:30:29","slug":"n-196-50-mlstandard-szinek","status":"publish","type":"product","link":"https:\/\/graficolor.hu\/webshop\/termek\/n-196-50-mlstandard-szinek\/","title":{"rendered":"N 196 &#8211; 50 ml\/standard sz\u00ednek"},"content":{"rendered":"<p>Ezt a gyorsan sz\u00e1rad\u00f3 fest\u00e9ket polyethylenre \u00e9s polypropil\u00e9nre aj\u00e1nljuk. M\u0171anyag zacsk\u00f3k b\u00e9lyegz\u00e9s\u00e9re kiv\u00e1l\u00f3an alkalmas. Aj\u00e1nlott b\u00e9lyegz\u0151p\u00e1rna: K2 filcbet\u00e9tes b\u00e9lyegz\u0151p\u00e1rna Alkalmazhat\u00f3 b\u00e9lyegz\u0151lemez anyag: l\u00e9zergumi Old\u00f3- \u00e9s tiszt\u00edt\u00f3szer: N 196 RM Nagyobb kiszerel\u00e9sre k\u00e9rje aj\u00e1nlatunkat! Sz\u00ednek: fekete, k\u00e9k, lila, piros, z\u00f6ld<\/p>\n","protected":false},"excerpt":{"rendered":"<p>Ezt a gyorsan sz\u00e1rad\u00f3 fest\u00e9ket polyethylenre \u00e9s polypropil\u00e9nre aj\u00e1nljuk. M\u0171anyag zacsk\u00f3k b\u00e9lyegz\u00e9s\u00e9re kiv\u00e1l\u00f3an alkalmas. Aj\u00e1nlott b\u00e9lyegz\u0151p\u00e1rna: K2 filcbet\u00e9tes b\u00e9lyegz\u0151p\u00e1rna Alkalmazhat\u00f3 b\u00e9lyegz\u0151lemez anyag: l\u00e9zergumi Old\u00f3- \u00e9s tiszt\u00edt\u00f3szer: N 196 RM Nagyobb kiszerel\u00e9sre k\u00e9rje aj\u00e1nlatunkat! Sz\u00ednek: fekete, k\u00e9k, lila, piros, z\u00f6ld<\/p>\n","protected":false},"featured_media":4356,"comment_status":"closed","ping_status":"closed","template":"","meta":[],"_links":{"self":[{"href":"https:\/\/graficolor.hu\/webshop\/wp-json\/wp\/v2\/product\/991"}],"collection":[{"href":"https:\/\/graficolor.hu\/webshop\/wp-json\/wp\/v2\/product"}],"about":[{"href":"https:\/\/graficolor.hu\/webshop\/wp-json\/wp\/v2\/types\/product"}],"replies":[{"embeddable":true,"href":"https:\/\/graficolor.hu\/webshop\/wp-json\/wp\/v2\/comments?post=991"}],"version-history":[{"count":1,"href":"https:\/\/graficolor.hu\/webshop\/wp-json\/wp\/v2\/product\/991\/revisions"}],"predecessor-version":[{"id":49615,"href":"https:\/\/graficolor.hu\/webshop\/wp-json\/wp\/v2\/product\/991\/revisions\/49615"}],"wp:featuredmedia":[{"embeddable":true,"href":"https:\/\/graficolor.hu\/webshop\/wp-json\/wp\/v2\/media\/4356"}],"wp:attachment":[{"href":"https:\/\/graficolor.hu\/webshop\/wp-json\/wp\/v2\/media?parent=991"}],"curies":[{"name":"wp","href":"https:\/\/api.w.org\/{rel}","templated":true}]}}