{"id":996,"date":"2015-11-24T05:30:09","date_gmt":"2015-11-24T05:30:09","guid":{"rendered":"http:\/\/graficolor.hu\/webshop\/termek\/r-9-50-ml\/"},"modified":"2025-01-15T14:32:30","modified_gmt":"2025-01-15T13:32:30","slug":"r-9-50-ml","status":"publish","type":"product","link":"https:\/\/graficolor.hu\/webshop\/termek\/r-9-50-ml\/","title":{"rendered":"R 9 &#8211; 50 ml"},"content":{"rendered":"<p>Ez a nem por\u00f3zus fel\u00fcletekre alkalmazhat\u00f3 gyorsan sz\u00e1rad\u00f3 univerz\u00e1lis fest\u00e9k gumi \u00e9s f\u00e9m sz\u00f6veglemezekkel is haszn\u00e1lhat\u00f3. Aj\u00e1nlott b\u00e9lyegz\u0151p\u00e1rn\u00e1k: ATU-2 Old\u00f3 \u00e9s tiszt\u00edt\u00f3szer: R 9 RM Sz\u00ednek: fekete, k\u00e9k, piros, z\u00f6ld, feh\u00e9r, s\u00e1rga<\/p>\n","protected":false},"excerpt":{"rendered":"<p>Ez a nem por\u00f3zus fel\u00fcletekre alkalmazhat\u00f3 gyorsan sz\u00e1rad\u00f3 univerz\u00e1lis fest\u00e9k gumi \u00e9s f\u00e9m sz\u00f6veglemezekkel is haszn\u00e1lhat\u00f3. Aj\u00e1nlott b\u00e9lyegz\u0151p\u00e1rn\u00e1k: ATU-2 Old\u00f3 \u00e9s tiszt\u00edt\u00f3szer: R 9 RM Sz\u00ednek: fekete, k\u00e9k, piros, z\u00f6ld, feh\u00e9r, s\u00e1rga<\/p>\n","protected":false},"featured_media":4364,"comment_status":"closed","ping_status":"closed","template":"","meta":[],"_links":{"self":[{"href":"https:\/\/graficolor.hu\/webshop\/wp-json\/wp\/v2\/product\/996"}],"collection":[{"href":"https:\/\/graficolor.hu\/webshop\/wp-json\/wp\/v2\/product"}],"about":[{"href":"https:\/\/graficolor.hu\/webshop\/wp-json\/wp\/v2\/types\/product"}],"replies":[{"embeddable":true,"href":"https:\/\/graficolor.hu\/webshop\/wp-json\/wp\/v2\/comments?post=996"}],"version-history":[{"count":1,"href":"https:\/\/graficolor.hu\/webshop\/wp-json\/wp\/v2\/product\/996\/revisions"}],"predecessor-version":[{"id":49618,"href":"https:\/\/graficolor.hu\/webshop\/wp-json\/wp\/v2\/product\/996\/revisions\/49618"}],"wp:featuredmedia":[{"embeddable":true,"href":"https:\/\/graficolor.hu\/webshop\/wp-json\/wp\/v2\/media\/4364"}],"wp:attachment":[{"href":"https:\/\/graficolor.hu\/webshop\/wp-json\/wp\/v2\/media?parent=996"}],"curies":[{"name":"wp","href":"https:\/\/api.w.org\/{rel}","templated":true}]}}